{"id":155,"date":"2020-05-08T08:41:07","date_gmt":"2020-05-08T06:41:07","guid":{"rendered":"http:\/\/172.16.212.1\/wordpress\/?page_id=155"},"modified":"2024-06-14T00:02:54","modified_gmt":"2024-06-13T22:02:54","slug":"specialites","status":"publish","type":"page","link":"https:\/\/lebretonpsy.com\/index.php\/specialites\/","title":{"rendered":"Mes sp\u00e9cialit\u00e9s"},"content":{"rendered":"\r\n<ul class=\"wp-block-list\">\r\n<li>les \u00e9pisodes d\u00e9pressifs caract\u00e9ris\u00e9s, burn-out<\/li>\r\n<li>les probl\u00e9matiques li\u00e9es \u00e0 l&rsquo;adolescence<\/li>\r\n<li>l&rsquo;accompagnement du fonctionnement haut potentiel intellectuel (<a href=\"https:\/\/lebretonpsy.com\/index.php\/2020\/06\/03\/introduction-au-haut-potentiel-intellectuel\/\">HPI et THPI)<\/a> et des troubles associ\u00e9s: TDA\/H*, l&rsquo;ensemble des dys*, TSA*<\/li>\r\n<li>les difficult\u00e9s d\u2019apprentissage, de comportement, relationnelles et \u00e9motionnelles<\/li>\r\n<li>le bilan psychologique et cognitif &#8211; enfant\/adolescent\/adulte (WISC5, WAIS4)<\/li>\r\n<li>la clinique du traumatisme et des violences psychologiques, conjugales et sexuelles<\/li>\r\n<li>l&rsquo;accompagnement de la crise (s\u00e9paration, divorce, maladie&#8230;) et du deuil<\/li>\r\n<li>Situation d&rsquo;expatriation (d\u00e9part, vie locale, retour&#8230;)<\/li>\r\n<\/ul>\r\n\r\n\r\n\r\n<p>*TDA\/H: trouble de l&rsquo;attention avec ou sans hyperactivit\u00e9<\/p>\r\n\r\n\r\n\r\n<p>*Dys: recouvre tous les troubles commen\u00e7ant par -dys-: dyslexie, dyscalculie, dysorthographie, dyspraxie, dysphasie<\/p>\r\n\r\n\r\n\r\n<p>*TSA: trouble du spectre autistique, nouvelle appellation de l&rsquo;autisme<\/p>\r\n","protected":false},"excerpt":{"rendered":"<p>les \u00e9pisodes d\u00e9pressifs caract\u00e9ris\u00e9s, burn-out les probl\u00e9matiques li\u00e9es \u00e0 l&rsquo;adolescence l&rsquo;accompagnement du fonctionnement haut potentiel intellectuel (HPI et THPI) et des troubles associ\u00e9s: TDA\/H*, l&rsquo;ensemble des dys*, TSA* les difficult\u00e9s d\u2019apprentissage, de comportement, relationnelles et \u00e9motionnelles le bilan psychologique et cognitif &#8211; enfant\/adolescent\/adulte (WISC5, WAIS4) la clinique du traumatisme et des violences psychologiques, conjugales et &hellip; <a href=\"https:\/\/lebretonpsy.com\/index.php\/specialites\/\" class=\"more-link\">Continuer la lecture de <span class=\"screen-reader-text\">Mes sp\u00e9cialit\u00e9s<\/span><\/a><\/p>\n","protected":false},"author":5,"featured_media":0,"parent":0,"menu_order":0,"comment_status":"closed","ping_status":"closed","template":"","meta":{"_uag_custom_page_level_css":"","_monsterinsights_skip_tracking":false,"_monsterinsights_sitenote_active":false,"_monsterinsights_sitenote_note":"","_monsterinsights_sitenote_category":0,"footnotes":""},"class_list":["post-155","page","type-page","status-publish","hentry"],"yoast_head":"<!-- This site is optimized with the Yoast SEO plugin v27.4 - https:\/\/yoast.com\/product\/yoast-seo-wordpress\/ -->\n<title>Mes sp\u00e9cialit\u00e9s - Laurence Lebreton<\/title>\n<meta name=\"robots\" content=\"index, follow, max-snippet:-1, max-image-preview:large, max-video-preview:-1\" \/>\n<link rel=\"canonical\" href=\"https:\/\/lebretonpsy.com\/index.php\/specialites\/\" \/>\n<meta property=\"og:locale\" content=\"fr_FR\" \/>\n<meta property=\"og:type\" content=\"article\" \/>\n<meta property=\"og:title\" content=\"Mes sp\u00e9cialit\u00e9s - Laurence Lebreton\" \/>\n<meta property=\"og:description\" content=\"les \u00e9pisodes d\u00e9pressifs caract\u00e9ris\u00e9s, burn-out les probl\u00e9matiques li\u00e9es \u00e0 l&rsquo;adolescence l&rsquo;accompagnement du fonctionnement haut potentiel intellectuel (HPI et THPI) et des troubles associ\u00e9s: TDA\/H*, l&rsquo;ensemble des dys*, TSA* les difficult\u00e9s d\u2019apprentissage, de comportement, relationnelles et \u00e9motionnelles le bilan psychologique et cognitif &#8211; enfant\/adolescent\/adulte (WISC5, WAIS4) la clinique du traumatisme et des violences psychologiques, conjugales et &hellip; Continuer la lecture de Mes sp\u00e9cialit\u00e9s\" \/>\n<meta property=\"og:url\" content=\"https:\/\/lebretonpsy.com\/index.php\/specialites\/\" \/>\n<meta property=\"og:site_name\" content=\"Laurence Lebreton\" \/>\n<meta property=\"article:modified_time\" content=\"2024-06-13T22:02:54+00:00\" \/>\n<meta name=\"twitter:label1\" content=\"Dur\u00e9e de lecture estim\u00e9e\" \/>\n\t<meta name=\"twitter:data1\" content=\"1 minute\" \/>\n<script type=\"application\/ld+json\" class=\"yoast-schema-graph\">{\"@context\":\"https:\\\/\\\/schema.org\",\"@graph\":[{\"@type\":\"WebPage\",\"@id\":\"https:\\\/\\\/lebretonpsy.com\\\/index.php\\\/specialites\\\/\",\"url\":\"https:\\\/\\\/lebretonpsy.com\\\/index.php\\\/specialites\\\/\",\"name\":\"Mes sp\u00e9cialit\u00e9s - Laurence Lebreton\",\"isPartOf\":{\"@id\":\"https:\\\/\\\/lebretonpsy.com\\\/#website\"},\"datePublished\":\"2020-05-08T06:41:07+00:00\",\"dateModified\":\"2024-06-13T22:02:54+00:00\",\"breadcrumb\":{\"@id\":\"https:\\\/\\\/lebretonpsy.com\\\/index.php\\\/specialites\\\/#breadcrumb\"},\"inLanguage\":\"fr-FR\",\"potentialAction\":[{\"@type\":\"ReadAction\",\"target\":[\"https:\\\/\\\/lebretonpsy.com\\\/index.php\\\/specialites\\\/\"]}]},{\"@type\":\"BreadcrumbList\",\"@id\":\"https:\\\/\\\/lebretonpsy.com\\\/index.php\\\/specialites\\\/#breadcrumb\",\"itemListElement\":[{\"@type\":\"ListItem\",\"position\":1,\"name\":\"Accueil\",\"item\":\"https:\\\/\\\/lebretonpsy.com\\\/\"},{\"@type\":\"ListItem\",\"position\":2,\"name\":\"Mes sp\u00e9cialit\u00e9s\"}]},{\"@type\":\"WebSite\",\"@id\":\"https:\\\/\\\/lebretonpsy.com\\\/#website\",\"url\":\"https:\\\/\\\/lebretonpsy.com\\\/\",\"name\":\"Laurence Lebreton\",\"description\":\"Psychologue Clinicienne\",\"potentialAction\":[{\"@type\":\"SearchAction\",\"target\":{\"@type\":\"EntryPoint\",\"urlTemplate\":\"https:\\\/\\\/lebretonpsy.com\\\/?s={search_term_string}\"},\"query-input\":{\"@type\":\"PropertyValueSpecification\",\"valueRequired\":true,\"valueName\":\"search_term_string\"}}],\"inLanguage\":\"fr-FR\"}]}<\/script>\n<!-- \/ Yoast SEO plugin. -->","yoast_head_json":{"title":"Mes sp\u00e9cialit\u00e9s - Laurence Lebreton","robots":{"index":"index","follow":"follow","max-snippet":"max-snippet:-1","max-image-preview":"max-image-preview:large","max-video-preview":"max-video-preview:-1"},"canonical":"https:\/\/lebretonpsy.com\/index.php\/specialites\/","og_locale":"fr_FR","og_type":"article","og_title":"Mes sp\u00e9cialit\u00e9s - Laurence Lebreton","og_description":"les \u00e9pisodes d\u00e9pressifs caract\u00e9ris\u00e9s, burn-out les probl\u00e9matiques li\u00e9es \u00e0 l&rsquo;adolescence l&rsquo;accompagnement du fonctionnement haut potentiel intellectuel (HPI et THPI) et des troubles associ\u00e9s: TDA\/H*, l&rsquo;ensemble des dys*, TSA* les difficult\u00e9s d\u2019apprentissage, de comportement, relationnelles et \u00e9motionnelles le bilan psychologique et cognitif &#8211; enfant\/adolescent\/adulte (WISC5, WAIS4) la clinique du traumatisme et des violences psychologiques, conjugales et &hellip; Continuer la lecture de Mes sp\u00e9cialit\u00e9s","og_url":"https:\/\/lebretonpsy.com\/index.php\/specialites\/","og_site_name":"Laurence Lebreton","article_modified_time":"2024-06-13T22:02:54+00:00","twitter_misc":{"Dur\u00e9e de lecture estim\u00e9e":"1 minute"},"schema":{"@context":"https:\/\/schema.org","@graph":[{"@type":"WebPage","@id":"https:\/\/lebretonpsy.com\/index.php\/specialites\/","url":"https:\/\/lebretonpsy.com\/index.php\/specialites\/","name":"Mes sp\u00e9cialit\u00e9s - Laurence Lebreton","isPartOf":{"@id":"https:\/\/lebretonpsy.com\/#website"},"datePublished":"2020-05-08T06:41:07+00:00","dateModified":"2024-06-13T22:02:54+00:00","breadcrumb":{"@id":"https:\/\/lebretonpsy.com\/index.php\/specialites\/#breadcrumb"},"inLanguage":"fr-FR","potentialAction":[{"@type":"ReadAction","target":["https:\/\/lebretonpsy.com\/index.php\/specialites\/"]}]},{"@type":"BreadcrumbList","@id":"https:\/\/lebretonpsy.com\/index.php\/specialites\/#breadcrumb","itemListElement":[{"@type":"ListItem","position":1,"name":"Accueil","item":"https:\/\/lebretonpsy.com\/"},{"@type":"ListItem","position":2,"name":"Mes sp\u00e9cialit\u00e9s"}]},{"@type":"WebSite","@id":"https:\/\/lebretonpsy.com\/#website","url":"https:\/\/lebretonpsy.com\/","name":"Laurence Lebreton","description":"Psychologue Clinicienne","potentialAction":[{"@type":"SearchAction","target":{"@type":"EntryPoint","urlTemplate":"https:\/\/lebretonpsy.com\/?s={search_term_string}"},"query-input":{"@type":"PropertyValueSpecification","valueRequired":true,"valueName":"search_term_string"}}],"inLanguage":"fr-FR"}]}},"uagb_featured_image_src":{"full":false,"thumbnail":false,"medium":false,"medium_large":false,"large":false,"1536x1536":false,"2048x2048":false,"post-thumbnail":false},"uagb_author_info":{"display_name":"@R00t-LOLEBWEBSITE95","author_link":"https:\/\/lebretonpsy.com\/index.php\/author\/r00t-lolebwebsite95\/"},"uagb_comment_info":0,"uagb_excerpt":"les \u00e9pisodes d\u00e9pressifs caract\u00e9ris\u00e9s, burn-out les probl\u00e9matiques li\u00e9es \u00e0 l&rsquo;adolescence l&rsquo;accompagnement du fonctionnement haut potentiel intellectuel (HPI et THPI) et des troubles associ\u00e9s: TDA\/H*, l&rsquo;ensemble des dys*, TSA* les difficult\u00e9s d\u2019apprentissage, de comportement, relationnelles et \u00e9motionnelles le bilan psychologique et cognitif &#8211; enfant\/adolescent\/adulte (WISC5, WAIS4) la clinique du traumatisme et des violences psychologiques, conjugales et\u2026","_links":{"self":[{"href":"https:\/\/lebretonpsy.com\/index.php\/wp-json\/wp\/v2\/pages\/155","targetHints":{"allow":["GET"]}}],"collection":[{"href":"https:\/\/lebretonpsy.com\/index.php\/wp-json\/wp\/v2\/pages"}],"about":[{"href":"https:\/\/lebretonpsy.com\/index.php\/wp-json\/wp\/v2\/types\/page"}],"author":[{"embeddable":true,"href":"https:\/\/lebretonpsy.com\/index.php\/wp-json\/wp\/v2\/users\/5"}],"replies":[{"embeddable":true,"href":"https:\/\/lebretonpsy.com\/index.php\/wp-json\/wp\/v2\/comments?post=155"}],"version-history":[{"count":19,"href":"https:\/\/lebretonpsy.com\/index.php\/wp-json\/wp\/v2\/pages\/155\/revisions"}],"predecessor-version":[{"id":869,"href":"https:\/\/lebretonpsy.com\/index.php\/wp-json\/wp\/v2\/pages\/155\/revisions\/869"}],"wp:attachment":[{"href":"https:\/\/lebretonpsy.com\/index.php\/wp-json\/wp\/v2\/media?parent=155"}],"curies":[{"name":"wp","href":"https:\/\/api.w.org\/{rel}","templated":true}]}}