{"id":164,"date":"2020-05-08T16:53:59","date_gmt":"2020-05-08T14:53:59","guid":{"rendered":"http:\/\/172.16.212.1\/wordpress\/?page_id=164"},"modified":"2024-08-24T13:27:55","modified_gmt":"2024-08-24T11:27:55","slug":"informations","status":"publish","type":"page","link":"https:\/\/lebretonpsy.com\/index.php\/informations\/","title":{"rendered":"Informations"},"content":{"rendered":"\r\n<p>Dans cette rubrique, vous trouverez les pages r\u00e9pertoriant:<\/p>\r\n\r\n\r\n\r\n<ul class=\"wp-block-list\">\r\n<li>Des <a href=\"https:\/\/lebretonpsy.com\/index.php\/liens\/\">num\u00e9ros importants<\/a> qui peuvent aider en situation de crise<\/li>\r\n<li><a href=\"https:\/\/lebretonpsy.com\/index.php\/informations\/ressources\/\">Ressources utiles<\/a> sur le TDAH, la d\u00e9pression et autres<\/li>\r\n<li>Quelques <a href=\"https:\/\/lebretonpsy.com\/index.php\/liens-utiles\/\">liens utiles mais non-exhaustifs sur le fonctionnement HPI et les troubles associ\u00e9s<\/a><\/li>\r\n<li>Les<a href=\"https:\/\/lebretonpsy.com\/index.php\/conditions-generales-dutilisation\/\"> conditions g\u00e9n\u00e9rales d&rsquo;utilisation<\/a><\/li>\r\n<\/ul>\r\n\r\n\r\n\r\n<p>&nbsp;<\/p>\r\n","protected":false},"excerpt":{"rendered":"<p>Dans cette rubrique, vous trouverez les pages r\u00e9pertoriant: Des num\u00e9ros importants qui peuvent aider en situation de crise Ressources utiles sur le TDAH, la d\u00e9pression et autres Quelques liens utiles mais non-exhaustifs sur le fonctionnement HPI et les troubles associ\u00e9s Les conditions g\u00e9n\u00e9rales d&rsquo;utilisation &nbsp;<\/p>\n","protected":false},"author":5,"featured_media":0,"parent":0,"menu_order":0,"comment_status":"closed","ping_status":"closed","template":"","meta":{"_uag_custom_page_level_css":"","_monsterinsights_skip_tracking":false,"_monsterinsights_sitenote_active":false,"_monsterinsights_sitenote_note":"","_monsterinsights_sitenote_category":0,"footnotes":""},"class_list":["post-164","page","type-page","status-publish","hentry"],"yoast_head":"<!-- This site is optimized with the Yoast SEO plugin v27.4 - https:\/\/yoast.com\/product\/yoast-seo-wordpress\/ -->\n<title>Informations - Laurence Lebreton<\/title>\n<meta name=\"robots\" content=\"index, follow, max-snippet:-1, max-image-preview:large, max-video-preview:-1\" \/>\n<link rel=\"canonical\" href=\"https:\/\/lebretonpsy.com\/index.php\/informations\/\" \/>\n<meta property=\"og:locale\" content=\"fr_FR\" \/>\n<meta property=\"og:type\" content=\"article\" \/>\n<meta property=\"og:title\" content=\"Informations - Laurence Lebreton\" \/>\n<meta property=\"og:description\" content=\"Dans cette rubrique, vous trouverez les pages r\u00e9pertoriant: Des num\u00e9ros importants qui peuvent aider en situation de crise Ressources utiles sur le TDAH, la d\u00e9pression et autres Quelques liens utiles mais non-exhaustifs sur le fonctionnement HPI et les troubles associ\u00e9s Les conditions g\u00e9n\u00e9rales d&rsquo;utilisation &nbsp;\" \/>\n<meta property=\"og:url\" content=\"https:\/\/lebretonpsy.com\/index.php\/informations\/\" \/>\n<meta property=\"og:site_name\" content=\"Laurence Lebreton\" \/>\n<meta property=\"article:modified_time\" content=\"2024-08-24T11:27:55+00:00\" \/>\n<meta name=\"twitter:label1\" content=\"Dur\u00e9e de lecture estim\u00e9e\" \/>\n\t<meta name=\"twitter:data1\" content=\"1 minute\" \/>\n<script type=\"application\/ld+json\" class=\"yoast-schema-graph\">{\"@context\":\"https:\\\/\\\/schema.org\",\"@graph\":[{\"@type\":\"WebPage\",\"@id\":\"https:\\\/\\\/lebretonpsy.com\\\/index.php\\\/informations\\\/\",\"url\":\"https:\\\/\\\/lebretonpsy.com\\\/index.php\\\/informations\\\/\",\"name\":\"Informations - Laurence Lebreton\",\"isPartOf\":{\"@id\":\"https:\\\/\\\/lebretonpsy.com\\\/#website\"},\"datePublished\":\"2020-05-08T14:53:59+00:00\",\"dateModified\":\"2024-08-24T11:27:55+00:00\",\"breadcrumb\":{\"@id\":\"https:\\\/\\\/lebretonpsy.com\\\/index.php\\\/informations\\\/#breadcrumb\"},\"inLanguage\":\"fr-FR\",\"potentialAction\":[{\"@type\":\"ReadAction\",\"target\":[\"https:\\\/\\\/lebretonpsy.com\\\/index.php\\\/informations\\\/\"]}]},{\"@type\":\"BreadcrumbList\",\"@id\":\"https:\\\/\\\/lebretonpsy.com\\\/index.php\\\/informations\\\/#breadcrumb\",\"itemListElement\":[{\"@type\":\"ListItem\",\"position\":1,\"name\":\"Accueil\",\"item\":\"https:\\\/\\\/lebretonpsy.com\\\/\"},{\"@type\":\"ListItem\",\"position\":2,\"name\":\"Informations\"}]},{\"@type\":\"WebSite\",\"@id\":\"https:\\\/\\\/lebretonpsy.com\\\/#website\",\"url\":\"https:\\\/\\\/lebretonpsy.com\\\/\",\"name\":\"Laurence Lebreton\",\"description\":\"Psychologue Clinicienne\",\"potentialAction\":[{\"@type\":\"SearchAction\",\"target\":{\"@type\":\"EntryPoint\",\"urlTemplate\":\"https:\\\/\\\/lebretonpsy.com\\\/?s={search_term_string}\"},\"query-input\":{\"@type\":\"PropertyValueSpecification\",\"valueRequired\":true,\"valueName\":\"search_term_string\"}}],\"inLanguage\":\"fr-FR\"}]}<\/script>\n<!-- \/ Yoast SEO plugin. -->","yoast_head_json":{"title":"Informations - Laurence Lebreton","robots":{"index":"index","follow":"follow","max-snippet":"max-snippet:-1","max-image-preview":"max-image-preview:large","max-video-preview":"max-video-preview:-1"},"canonical":"https:\/\/lebretonpsy.com\/index.php\/informations\/","og_locale":"fr_FR","og_type":"article","og_title":"Informations - Laurence Lebreton","og_description":"Dans cette rubrique, vous trouverez les pages r\u00e9pertoriant: Des num\u00e9ros importants qui peuvent aider en situation de crise Ressources utiles sur le TDAH, la d\u00e9pression et autres Quelques liens utiles mais non-exhaustifs sur le fonctionnement HPI et les troubles associ\u00e9s Les conditions g\u00e9n\u00e9rales d&rsquo;utilisation &nbsp;","og_url":"https:\/\/lebretonpsy.com\/index.php\/informations\/","og_site_name":"Laurence Lebreton","article_modified_time":"2024-08-24T11:27:55+00:00","twitter_misc":{"Dur\u00e9e de lecture estim\u00e9e":"1 minute"},"schema":{"@context":"https:\/\/schema.org","@graph":[{"@type":"WebPage","@id":"https:\/\/lebretonpsy.com\/index.php\/informations\/","url":"https:\/\/lebretonpsy.com\/index.php\/informations\/","name":"Informations - Laurence Lebreton","isPartOf":{"@id":"https:\/\/lebretonpsy.com\/#website"},"datePublished":"2020-05-08T14:53:59+00:00","dateModified":"2024-08-24T11:27:55+00:00","breadcrumb":{"@id":"https:\/\/lebretonpsy.com\/index.php\/informations\/#breadcrumb"},"inLanguage":"fr-FR","potentialAction":[{"@type":"ReadAction","target":["https:\/\/lebretonpsy.com\/index.php\/informations\/"]}]},{"@type":"BreadcrumbList","@id":"https:\/\/lebretonpsy.com\/index.php\/informations\/#breadcrumb","itemListElement":[{"@type":"ListItem","position":1,"name":"Accueil","item":"https:\/\/lebretonpsy.com\/"},{"@type":"ListItem","position":2,"name":"Informations"}]},{"@type":"WebSite","@id":"https:\/\/lebretonpsy.com\/#website","url":"https:\/\/lebretonpsy.com\/","name":"Laurence Lebreton","description":"Psychologue Clinicienne","potentialAction":[{"@type":"SearchAction","target":{"@type":"EntryPoint","urlTemplate":"https:\/\/lebretonpsy.com\/?s={search_term_string}"},"query-input":{"@type":"PropertyValueSpecification","valueRequired":true,"valueName":"search_term_string"}}],"inLanguage":"fr-FR"}]}},"uagb_featured_image_src":{"full":false,"thumbnail":false,"medium":false,"medium_large":false,"large":false,"1536x1536":false,"2048x2048":false,"post-thumbnail":false},"uagb_author_info":{"display_name":"@R00t-LOLEBWEBSITE95","author_link":"https:\/\/lebretonpsy.com\/index.php\/author\/r00t-lolebwebsite95\/"},"uagb_comment_info":0,"uagb_excerpt":"Dans cette rubrique, vous trouverez les pages r\u00e9pertoriant: Des num\u00e9ros importants qui peuvent aider en situation de crise Ressources utiles sur le TDAH, la d\u00e9pression et autres Quelques liens utiles mais non-exhaustifs sur le fonctionnement HPI et les troubles associ\u00e9s Les conditions g\u00e9n\u00e9rales d&rsquo;utilisation &nbsp;","_links":{"self":[{"href":"https:\/\/lebretonpsy.com\/index.php\/wp-json\/wp\/v2\/pages\/164","targetHints":{"allow":["GET"]}}],"collection":[{"href":"https:\/\/lebretonpsy.com\/index.php\/wp-json\/wp\/v2\/pages"}],"about":[{"href":"https:\/\/lebretonpsy.com\/index.php\/wp-json\/wp\/v2\/types\/page"}],"author":[{"embeddable":true,"href":"https:\/\/lebretonpsy.com\/index.php\/wp-json\/wp\/v2\/users\/5"}],"replies":[{"embeddable":true,"href":"https:\/\/lebretonpsy.com\/index.php\/wp-json\/wp\/v2\/comments?post=164"}],"version-history":[{"count":13,"href":"https:\/\/lebretonpsy.com\/index.php\/wp-json\/wp\/v2\/pages\/164\/revisions"}],"predecessor-version":[{"id":882,"href":"https:\/\/lebretonpsy.com\/index.php\/wp-json\/wp\/v2\/pages\/164\/revisions\/882"}],"wp:attachment":[{"href":"https:\/\/lebretonpsy.com\/index.php\/wp-json\/wp\/v2\/media?parent=164"}],"curies":[{"name":"wp","href":"https:\/\/api.w.org\/{rel}","templated":true}]}}