{"id":206,"date":"2020-05-08T16:42:08","date_gmt":"2020-05-08T14:42:08","guid":{"rendered":"http:\/\/172.16.212.1\/wordpress\/?page_id=206"},"modified":"2025-01-14T17:10:31","modified_gmt":"2025-01-14T16:10:31","slug":"presentation","status":"publish","type":"page","link":"https:\/\/lebretonpsy.com\/index.php\/presentation\/","title":{"rendered":"Pr\u00e9sentation"},"content":{"rendered":"\r\n<div class=\"wp-block-group\">\r\n<div class=\"wp-block-group__inner-container is-layout-flow wp-block-group-is-layout-flow\">\r\n<p style=\"text-align: left;\">Je suis psychologue clinicienne. Je poss\u00e8de une solide formation universitaire et plus de 15 ans d\u2019exp\u00e9rience. Entre autres, j\u2019ai pu pratiquer dans plusieurs institutions mais aussi dans mes propres cabinets en France comme \u00e0 l\u2019\u00e9tranger.<\/p>\r\n<\/div>\r\n<\/div>\r\n\r\n<p style=\"text-align: left;\"><!--StartFragment--><\/p>\r\n\r\n<p class=\"has-text-align-left\" style=\"text-align: left;\">En effet, j&rsquo;ai voyag\u00e9 depuis la r\u00e9gion lyonnaise vers la Nouvelle Cal\u00e9donie, les r\u00e9gions frontali\u00e8res franco-suisse, ou encore Abu Dhabi (\u00c9mirats Arabes Unis). Ma pratique s\u2019est donc enrichie de rencontres avec diff\u00e9rentes populations aux probl\u00e9matiques et cultures tr\u00e8s \u00e9loign\u00e9es les unes des autres. Cela me permet de m\u2019adapter aux besoins et \u00e0 la demande de chaque personne.\u00a0<\/p>\r\n<p style=\"text-align: left;\">Parall\u00e8lement, \u00e0 mon activit\u00e9 en centre m\u00e9dico-psychologique et p\u00e9dagogique (CMPP) pour enfant et adolescent, je re\u00e7ois en lib\u00e9ral des adolescents et des adultes en psychoth\u00e9rapie classique dite narrative, ou pour un soutien ponctuel ou encore un accompagnement sp\u00e9cifique dans le cas d&rsquo;un fonctionnement haut potentiel intellectuel. Je peux aussi proposer une th\u00e9rapie en EMDR sur demande.<\/p>\r\n\r\n<p style=\"text-align: left;\"><!--EndFragment--><\/p>\r\n\r\n<p style=\"text-align: left;\">\u00a0<\/p>\r\n","protected":false},"excerpt":{"rendered":"<p>Je suis psychologue clinicienne. Je poss\u00e8de une solide formation universitaire et plus de 15 ans d\u2019exp\u00e9rience. Entre autres, j\u2019ai pu pratiquer dans plusieurs institutions mais aussi dans mes propres cabinets en France comme \u00e0 l\u2019\u00e9tranger. En effet, j&rsquo;ai voyag\u00e9 depuis la r\u00e9gion lyonnaise vers la Nouvelle Cal\u00e9donie, les r\u00e9gions frontali\u00e8res franco-suisse, ou encore Abu Dhabi &hellip; <a href=\"https:\/\/lebretonpsy.com\/index.php\/presentation\/\" class=\"more-link\">Continuer la lecture de <span class=\"screen-reader-text\">Pr\u00e9sentation<\/span><\/a><\/p>\n","protected":false},"author":5,"featured_media":0,"parent":0,"menu_order":0,"comment_status":"closed","ping_status":"closed","template":"","meta":{"_uag_custom_page_level_css":"","_monsterinsights_skip_tracking":false,"_monsterinsights_sitenote_active":false,"_monsterinsights_sitenote_note":"","_monsterinsights_sitenote_category":0,"footnotes":""},"class_list":["post-206","page","type-page","status-publish","hentry"],"yoast_head":"<!-- This site is optimized with the Yoast SEO plugin v27.4 - https:\/\/yoast.com\/product\/yoast-seo-wordpress\/ -->\n<title>Pr\u00e9sentation - Laurence Lebreton<\/title>\n<meta name=\"robots\" content=\"index, follow, max-snippet:-1, max-image-preview:large, max-video-preview:-1\" \/>\n<link rel=\"canonical\" href=\"https:\/\/lebretonpsy.com\/index.php\/presentation\/\" \/>\n<meta property=\"og:locale\" content=\"fr_FR\" \/>\n<meta property=\"og:type\" content=\"article\" \/>\n<meta property=\"og:title\" content=\"Pr\u00e9sentation - Laurence Lebreton\" \/>\n<meta property=\"og:description\" content=\"Je suis psychologue clinicienne. Je poss\u00e8de une solide formation universitaire et plus de 15 ans d\u2019exp\u00e9rience. Entre autres, j\u2019ai pu pratiquer dans plusieurs institutions mais aussi dans mes propres cabinets en France comme \u00e0 l\u2019\u00e9tranger. En effet, j&rsquo;ai voyag\u00e9 depuis la r\u00e9gion lyonnaise vers la Nouvelle Cal\u00e9donie, les r\u00e9gions frontali\u00e8res franco-suisse, ou encore Abu Dhabi &hellip; Continuer la lecture de Pr\u00e9sentation\" \/>\n<meta property=\"og:url\" content=\"https:\/\/lebretonpsy.com\/index.php\/presentation\/\" \/>\n<meta property=\"og:site_name\" content=\"Laurence Lebreton\" \/>\n<meta property=\"article:modified_time\" content=\"2025-01-14T16:10:31+00:00\" \/>\n<meta name=\"twitter:label1\" content=\"Dur\u00e9e de lecture estim\u00e9e\" \/>\n\t<meta name=\"twitter:data1\" content=\"1 minute\" \/>\n<script type=\"application\/ld+json\" class=\"yoast-schema-graph\">{\"@context\":\"https:\\\/\\\/schema.org\",\"@graph\":[{\"@type\":\"WebPage\",\"@id\":\"https:\\\/\\\/lebretonpsy.com\\\/index.php\\\/presentation\\\/\",\"url\":\"https:\\\/\\\/lebretonpsy.com\\\/index.php\\\/presentation\\\/\",\"name\":\"Pr\u00e9sentation - Laurence Lebreton\",\"isPartOf\":{\"@id\":\"https:\\\/\\\/lebretonpsy.com\\\/#website\"},\"datePublished\":\"2020-05-08T14:42:08+00:00\",\"dateModified\":\"2025-01-14T16:10:31+00:00\",\"breadcrumb\":{\"@id\":\"https:\\\/\\\/lebretonpsy.com\\\/index.php\\\/presentation\\\/#breadcrumb\"},\"inLanguage\":\"fr-FR\",\"potentialAction\":[{\"@type\":\"ReadAction\",\"target\":[\"https:\\\/\\\/lebretonpsy.com\\\/index.php\\\/presentation\\\/\"]}]},{\"@type\":\"BreadcrumbList\",\"@id\":\"https:\\\/\\\/lebretonpsy.com\\\/index.php\\\/presentation\\\/#breadcrumb\",\"itemListElement\":[{\"@type\":\"ListItem\",\"position\":1,\"name\":\"Accueil\",\"item\":\"https:\\\/\\\/lebretonpsy.com\\\/\"},{\"@type\":\"ListItem\",\"position\":2,\"name\":\"Pr\u00e9sentation\"}]},{\"@type\":\"WebSite\",\"@id\":\"https:\\\/\\\/lebretonpsy.com\\\/#website\",\"url\":\"https:\\\/\\\/lebretonpsy.com\\\/\",\"name\":\"Laurence Lebreton\",\"description\":\"Psychologue Clinicienne\",\"potentialAction\":[{\"@type\":\"SearchAction\",\"target\":{\"@type\":\"EntryPoint\",\"urlTemplate\":\"https:\\\/\\\/lebretonpsy.com\\\/?s={search_term_string}\"},\"query-input\":{\"@type\":\"PropertyValueSpecification\",\"valueRequired\":true,\"valueName\":\"search_term_string\"}}],\"inLanguage\":\"fr-FR\"}]}<\/script>\n<!-- \/ Yoast SEO plugin. -->","yoast_head_json":{"title":"Pr\u00e9sentation - Laurence Lebreton","robots":{"index":"index","follow":"follow","max-snippet":"max-snippet:-1","max-image-preview":"max-image-preview:large","max-video-preview":"max-video-preview:-1"},"canonical":"https:\/\/lebretonpsy.com\/index.php\/presentation\/","og_locale":"fr_FR","og_type":"article","og_title":"Pr\u00e9sentation - Laurence Lebreton","og_description":"Je suis psychologue clinicienne. Je poss\u00e8de une solide formation universitaire et plus de 15 ans d\u2019exp\u00e9rience. Entre autres, j\u2019ai pu pratiquer dans plusieurs institutions mais aussi dans mes propres cabinets en France comme \u00e0 l\u2019\u00e9tranger. En effet, j&rsquo;ai voyag\u00e9 depuis la r\u00e9gion lyonnaise vers la Nouvelle Cal\u00e9donie, les r\u00e9gions frontali\u00e8res franco-suisse, ou encore Abu Dhabi &hellip; Continuer la lecture de Pr\u00e9sentation","og_url":"https:\/\/lebretonpsy.com\/index.php\/presentation\/","og_site_name":"Laurence Lebreton","article_modified_time":"2025-01-14T16:10:31+00:00","twitter_misc":{"Dur\u00e9e de lecture estim\u00e9e":"1 minute"},"schema":{"@context":"https:\/\/schema.org","@graph":[{"@type":"WebPage","@id":"https:\/\/lebretonpsy.com\/index.php\/presentation\/","url":"https:\/\/lebretonpsy.com\/index.php\/presentation\/","name":"Pr\u00e9sentation - Laurence Lebreton","isPartOf":{"@id":"https:\/\/lebretonpsy.com\/#website"},"datePublished":"2020-05-08T14:42:08+00:00","dateModified":"2025-01-14T16:10:31+00:00","breadcrumb":{"@id":"https:\/\/lebretonpsy.com\/index.php\/presentation\/#breadcrumb"},"inLanguage":"fr-FR","potentialAction":[{"@type":"ReadAction","target":["https:\/\/lebretonpsy.com\/index.php\/presentation\/"]}]},{"@type":"BreadcrumbList","@id":"https:\/\/lebretonpsy.com\/index.php\/presentation\/#breadcrumb","itemListElement":[{"@type":"ListItem","position":1,"name":"Accueil","item":"https:\/\/lebretonpsy.com\/"},{"@type":"ListItem","position":2,"name":"Pr\u00e9sentation"}]},{"@type":"WebSite","@id":"https:\/\/lebretonpsy.com\/#website","url":"https:\/\/lebretonpsy.com\/","name":"Laurence Lebreton","description":"Psychologue Clinicienne","potentialAction":[{"@type":"SearchAction","target":{"@type":"EntryPoint","urlTemplate":"https:\/\/lebretonpsy.com\/?s={search_term_string}"},"query-input":{"@type":"PropertyValueSpecification","valueRequired":true,"valueName":"search_term_string"}}],"inLanguage":"fr-FR"}]}},"uagb_featured_image_src":{"full":false,"thumbnail":false,"medium":false,"medium_large":false,"large":false,"1536x1536":false,"2048x2048":false,"post-thumbnail":false},"uagb_author_info":{"display_name":"@R00t-LOLEBWEBSITE95","author_link":"https:\/\/lebretonpsy.com\/index.php\/author\/r00t-lolebwebsite95\/"},"uagb_comment_info":0,"uagb_excerpt":"Je suis psychologue clinicienne. Je poss\u00e8de une solide formation universitaire et plus de 15 ans d\u2019exp\u00e9rience. Entre autres, j\u2019ai pu pratiquer dans plusieurs institutions mais aussi dans mes propres cabinets en France comme \u00e0 l\u2019\u00e9tranger. En effet, j&rsquo;ai voyag\u00e9 depuis la r\u00e9gion lyonnaise vers la Nouvelle Cal\u00e9donie, les r\u00e9gions frontali\u00e8res franco-suisse, ou encore Abu Dhabi\u2026","_links":{"self":[{"href":"https:\/\/lebretonpsy.com\/index.php\/wp-json\/wp\/v2\/pages\/206","targetHints":{"allow":["GET"]}}],"collection":[{"href":"https:\/\/lebretonpsy.com\/index.php\/wp-json\/wp\/v2\/pages"}],"about":[{"href":"https:\/\/lebretonpsy.com\/index.php\/wp-json\/wp\/v2\/types\/page"}],"author":[{"embeddable":true,"href":"https:\/\/lebretonpsy.com\/index.php\/wp-json\/wp\/v2\/users\/5"}],"replies":[{"embeddable":true,"href":"https:\/\/lebretonpsy.com\/index.php\/wp-json\/wp\/v2\/comments?post=206"}],"version-history":[{"count":22,"href":"https:\/\/lebretonpsy.com\/index.php\/wp-json\/wp\/v2\/pages\/206\/revisions"}],"predecessor-version":[{"id":886,"href":"https:\/\/lebretonpsy.com\/index.php\/wp-json\/wp\/v2\/pages\/206\/revisions\/886"}],"wp:attachment":[{"href":"https:\/\/lebretonpsy.com\/index.php\/wp-json\/wp\/v2\/media?parent=206"}],"curies":[{"name":"wp","href":"https:\/\/api.w.org\/{rel}","templated":true}]}}