{"id":238,"date":"2020-05-08T23:33:45","date_gmt":"2020-05-08T21:33:45","guid":{"rendered":"http:\/\/172.16.212.1\/wordpress\/?page_id=238"},"modified":"2025-01-14T17:12:10","modified_gmt":"2025-01-14T16:12:10","slug":"actualites","status":"publish","type":"page","link":"https:\/\/lebretonpsy.com\/index.php\/actualites\/","title":{"rendered":"Activit\u00e9 Professionnelle"},"content":{"rendered":"\r\n<div id=\"wp-block-themeisle-blocks-advanced-columns-8f07773d\" class=\"wp-block-themeisle-blocks-advanced-columns has-1-columns has-desktop-equal-layout has-tablet-equal-layout has-mobile-equal-layout has-default-gap has-vertical-unset\">\r\n<div class=\"wp-block-themeisle-blocks-advanced-columns-overlay\">\u00a0<\/div>\r\n<div class=\"innerblocks-wrap\">\r\n<div id=\"wp-block-themeisle-blocks-advanced-column-0fef6c07\" class=\"wp-block-themeisle-blocks-advanced-column\">\r\n<p><span style=\"color: #1a50ad;\">Riche de mon exp\u00e9rience en p\u00e9dopsychiatrie au CHU de Nantes, <\/span><span style=\"color: #1a50ad;\">j&rsquo;exerce \u00e0 pr\u00e9sent en Centre M\u00e9dico-Psychologique et P\u00e9dagogique pour enfant et adolescent. <\/span><span style=\"color: #1a50ad;\">Parall\u00e8lement, je re\u00e7ois en cabinet, des adultes et des adolescents, en consultation ou en distanciel, sur rendez-vous.<\/span><\/p>\r\n<p>&nbsp;<\/p>\r\n<\/div>\r\n<\/div>\r\n<\/div>\r\n","protected":false},"excerpt":{"rendered":"<p>\u00a0 Riche de mon exp\u00e9rience en p\u00e9dopsychiatrie au CHU de Nantes, j&rsquo;exerce \u00e0 pr\u00e9sent en Centre M\u00e9dico-Psychologique et P\u00e9dagogique pour enfant et adolescent. Parall\u00e8lement, je re\u00e7ois en cabinet, des adultes et des adolescents, en consultation ou en distanciel, sur rendez-vous. &nbsp;<\/p>\n","protected":false},"author":5,"featured_media":0,"parent":0,"menu_order":0,"comment_status":"closed","ping_status":"closed","template":"","meta":{"_uag_custom_page_level_css":"","_monsterinsights_skip_tracking":false,"_monsterinsights_sitenote_active":false,"_monsterinsights_sitenote_note":"","_monsterinsights_sitenote_category":0,"footnotes":""},"class_list":["post-238","page","type-page","status-publish","hentry"],"yoast_head":"<!-- This site is optimized with the Yoast SEO plugin v27.4 - https:\/\/yoast.com\/product\/yoast-seo-wordpress\/ -->\n<title>Activit\u00e9 Professionnelle - Laurence Lebreton Laurence Lebreton<\/title>\n<meta name=\"robots\" content=\"index, follow, max-snippet:-1, max-image-preview:large, max-video-preview:-1\" \/>\n<link rel=\"canonical\" href=\"https:\/\/lebretonpsy.com\/index.php\/actualites\/\" \/>\n<meta property=\"og:locale\" content=\"fr_FR\" \/>\n<meta property=\"og:type\" content=\"article\" \/>\n<meta property=\"og:title\" content=\"Activit\u00e9 Professionnelle - Laurence Lebreton Laurence Lebreton\" \/>\n<meta property=\"og:description\" content=\"\u00a0 Riche de mon exp\u00e9rience en p\u00e9dopsychiatrie au CHU de Nantes, j&rsquo;exerce \u00e0 pr\u00e9sent en Centre M\u00e9dico-Psychologique et P\u00e9dagogique pour enfant et adolescent. Parall\u00e8lement, je re\u00e7ois en cabinet, des adultes et des adolescents, en consultation ou en distanciel, sur rendez-vous. &nbsp;\" \/>\n<meta property=\"og:url\" content=\"https:\/\/lebretonpsy.com\/index.php\/actualites\/\" \/>\n<meta property=\"og:site_name\" content=\"Laurence Lebreton\" \/>\n<meta property=\"article:modified_time\" content=\"2025-01-14T16:12:10+00:00\" \/>\n<meta name=\"twitter:label1\" content=\"Dur\u00e9e de lecture estim\u00e9e\" \/>\n\t<meta name=\"twitter:data1\" content=\"1 minute\" \/>\n<script type=\"application\/ld+json\" class=\"yoast-schema-graph\">{\"@context\":\"https:\\\/\\\/schema.org\",\"@graph\":[{\"@type\":\"WebPage\",\"@id\":\"https:\\\/\\\/lebretonpsy.com\\\/index.php\\\/actualites\\\/\",\"url\":\"https:\\\/\\\/lebretonpsy.com\\\/index.php\\\/actualites\\\/\",\"name\":\"Activit\u00e9 Professionnelle - Laurence Lebreton Laurence Lebreton\",\"isPartOf\":{\"@id\":\"https:\\\/\\\/lebretonpsy.com\\\/#website\"},\"datePublished\":\"2020-05-08T21:33:45+00:00\",\"dateModified\":\"2025-01-14T16:12:10+00:00\",\"breadcrumb\":{\"@id\":\"https:\\\/\\\/lebretonpsy.com\\\/index.php\\\/actualites\\\/#breadcrumb\"},\"inLanguage\":\"fr-FR\",\"potentialAction\":[{\"@type\":\"ReadAction\",\"target\":[\"https:\\\/\\\/lebretonpsy.com\\\/index.php\\\/actualites\\\/\"]}]},{\"@type\":\"BreadcrumbList\",\"@id\":\"https:\\\/\\\/lebretonpsy.com\\\/index.php\\\/actualites\\\/#breadcrumb\",\"itemListElement\":[{\"@type\":\"ListItem\",\"position\":1,\"name\":\"Accueil\",\"item\":\"https:\\\/\\\/lebretonpsy.com\\\/\"},{\"@type\":\"ListItem\",\"position\":2,\"name\":\"Activit\u00e9 Professionnelle\"}]},{\"@type\":\"WebSite\",\"@id\":\"https:\\\/\\\/lebretonpsy.com\\\/#website\",\"url\":\"https:\\\/\\\/lebretonpsy.com\\\/\",\"name\":\"Laurence Lebreton\",\"description\":\"Psychologue Clinicienne\",\"potentialAction\":[{\"@type\":\"SearchAction\",\"target\":{\"@type\":\"EntryPoint\",\"urlTemplate\":\"https:\\\/\\\/lebretonpsy.com\\\/?s={search_term_string}\"},\"query-input\":{\"@type\":\"PropertyValueSpecification\",\"valueRequired\":true,\"valueName\":\"search_term_string\"}}],\"inLanguage\":\"fr-FR\"}]}<\/script>\n<!-- \/ Yoast SEO plugin. -->","yoast_head_json":{"title":"Activit\u00e9 Professionnelle - Laurence Lebreton Laurence Lebreton","robots":{"index":"index","follow":"follow","max-snippet":"max-snippet:-1","max-image-preview":"max-image-preview:large","max-video-preview":"max-video-preview:-1"},"canonical":"https:\/\/lebretonpsy.com\/index.php\/actualites\/","og_locale":"fr_FR","og_type":"article","og_title":"Activit\u00e9 Professionnelle - Laurence Lebreton Laurence Lebreton","og_description":"\u00a0 Riche de mon exp\u00e9rience en p\u00e9dopsychiatrie au CHU de Nantes, j&rsquo;exerce \u00e0 pr\u00e9sent en Centre M\u00e9dico-Psychologique et P\u00e9dagogique pour enfant et adolescent. Parall\u00e8lement, je re\u00e7ois en cabinet, des adultes et des adolescents, en consultation ou en distanciel, sur rendez-vous. &nbsp;","og_url":"https:\/\/lebretonpsy.com\/index.php\/actualites\/","og_site_name":"Laurence Lebreton","article_modified_time":"2025-01-14T16:12:10+00:00","twitter_misc":{"Dur\u00e9e de lecture estim\u00e9e":"1 minute"},"schema":{"@context":"https:\/\/schema.org","@graph":[{"@type":"WebPage","@id":"https:\/\/lebretonpsy.com\/index.php\/actualites\/","url":"https:\/\/lebretonpsy.com\/index.php\/actualites\/","name":"Activit\u00e9 Professionnelle - Laurence Lebreton Laurence Lebreton","isPartOf":{"@id":"https:\/\/lebretonpsy.com\/#website"},"datePublished":"2020-05-08T21:33:45+00:00","dateModified":"2025-01-14T16:12:10+00:00","breadcrumb":{"@id":"https:\/\/lebretonpsy.com\/index.php\/actualites\/#breadcrumb"},"inLanguage":"fr-FR","potentialAction":[{"@type":"ReadAction","target":["https:\/\/lebretonpsy.com\/index.php\/actualites\/"]}]},{"@type":"BreadcrumbList","@id":"https:\/\/lebretonpsy.com\/index.php\/actualites\/#breadcrumb","itemListElement":[{"@type":"ListItem","position":1,"name":"Accueil","item":"https:\/\/lebretonpsy.com\/"},{"@type":"ListItem","position":2,"name":"Activit\u00e9 Professionnelle"}]},{"@type":"WebSite","@id":"https:\/\/lebretonpsy.com\/#website","url":"https:\/\/lebretonpsy.com\/","name":"Laurence Lebreton","description":"Psychologue Clinicienne","potentialAction":[{"@type":"SearchAction","target":{"@type":"EntryPoint","urlTemplate":"https:\/\/lebretonpsy.com\/?s={search_term_string}"},"query-input":{"@type":"PropertyValueSpecification","valueRequired":true,"valueName":"search_term_string"}}],"inLanguage":"fr-FR"}]}},"uagb_featured_image_src":{"full":false,"thumbnail":false,"medium":false,"medium_large":false,"large":false,"1536x1536":false,"2048x2048":false,"post-thumbnail":false},"uagb_author_info":{"display_name":"@R00t-LOLEBWEBSITE95","author_link":"https:\/\/lebretonpsy.com\/index.php\/author\/r00t-lolebwebsite95\/"},"uagb_comment_info":0,"uagb_excerpt":"\u00a0 Riche de mon exp\u00e9rience en p\u00e9dopsychiatrie au CHU de Nantes, j&rsquo;exerce \u00e0 pr\u00e9sent en Centre M\u00e9dico-Psychologique et P\u00e9dagogique pour enfant et adolescent. Parall\u00e8lement, je re\u00e7ois en cabinet, des adultes et des adolescents, en consultation ou en distanciel, sur rendez-vous. &nbsp;","_links":{"self":[{"href":"https:\/\/lebretonpsy.com\/index.php\/wp-json\/wp\/v2\/pages\/238","targetHints":{"allow":["GET"]}}],"collection":[{"href":"https:\/\/lebretonpsy.com\/index.php\/wp-json\/wp\/v2\/pages"}],"about":[{"href":"https:\/\/lebretonpsy.com\/index.php\/wp-json\/wp\/v2\/types\/page"}],"author":[{"embeddable":true,"href":"https:\/\/lebretonpsy.com\/index.php\/wp-json\/wp\/v2\/users\/5"}],"replies":[{"embeddable":true,"href":"https:\/\/lebretonpsy.com\/index.php\/wp-json\/wp\/v2\/comments?post=238"}],"version-history":[{"count":16,"href":"https:\/\/lebretonpsy.com\/index.php\/wp-json\/wp\/v2\/pages\/238\/revisions"}],"predecessor-version":[{"id":887,"href":"https:\/\/lebretonpsy.com\/index.php\/wp-json\/wp\/v2\/pages\/238\/revisions\/887"}],"wp:attachment":[{"href":"https:\/\/lebretonpsy.com\/index.php\/wp-json\/wp\/v2\/media?parent=238"}],"curies":[{"name":"wp","href":"https:\/\/api.w.org\/{rel}","templated":true}]}}