{"id":449,"date":"2020-05-22T22:38:10","date_gmt":"2020-05-22T20:38:10","guid":{"rendered":"https:\/\/lebretonpsy.com\/?page_id=449"},"modified":"2025-11-11T12:32:29","modified_gmt":"2025-11-11T11:32:29","slug":"diplomes","status":"publish","type":"page","link":"https:\/\/lebretonpsy.com\/index.php\/diplomes\/","title":{"rendered":"Dipl\u00f4mes"},"content":{"rendered":"\r\n<p>Dipl\u00f4mes obtenus \u00e0 l&rsquo;Universit\u00e9 Lumi\u00e8re Lyon 2:<\/p>\r\n\r\n\r\n\r\n<ul>\r\n<li><strong>Licence de psychologie clinique<\/strong>\r\n\r\n<\/li>\r\n<li><strong>Licence d&rsquo;anthropologie<\/strong>\r\n\r\n<\/li>\r\n<li><strong>Master de psychopathologie et psychologie clinique<\/strong> obtenu en 2008.<\/li>\r\n<\/ul>\r\n\r\n\r\n\r\n<p>Certificats:<\/p>\r\n\r\n\r\n\r\n<ul>\r\n<li>TSA : O.A.Dip. Autism Awareness \u00a02016 &#8211; Online Academies\r\n\r\n<\/li>\r\n<li>WISC V: Passation, cotation et interpr\u00e9tation du WISC V 2019 &#8211; ASADIS Formation\/ECPA<\/li>\r\n<li>Crise suicidaire 2021 &#8211; \u00a0CHU de Nantes<\/li>\r\n<li>Approche syst\u00e9mique 2021 &#8211; CHU-IFSI<\/li>\r\n<li>Soin et interculturalit\u00e9 2022 &#8211; CHU-IFSI<\/li>\r\n<li>Cyberviolences sexuelles sur mineurs 2022 &#8211; CRIAVS<\/li>\r\n<li>Formation EMDR Europe Niveau 1 en 2023 &#8211; EDEPHE<\/li>\r\n<li>Formation EMDR Europe Niveau 2 en 2024 &#8211; EDEPHE<\/li>\r\n<\/ul>\r\n\r\n\r\n\r\n<p>&nbsp;<\/p>\r\n","protected":false},"excerpt":{"rendered":"<p>Dipl\u00f4mes obtenus \u00e0 l&rsquo;Universit\u00e9 Lumi\u00e8re Lyon 2: Licence de psychologie clinique Licence d&rsquo;anthropologie Master de psychopathologie et psychologie clinique obtenu en 2008. Certificats: TSA : O.A.Dip. Autism Awareness \u00a02016 &#8211; Online Academies WISC V: Passation, cotation et interpr\u00e9tation du WISC V 2019 &#8211; ASADIS Formation\/ECPA Crise suicidaire 2021 &#8211; \u00a0CHU de Nantes Approche syst\u00e9mique 2021 &hellip; <a href=\"https:\/\/lebretonpsy.com\/index.php\/diplomes\/\" class=\"more-link\">Continuer la lecture de <span class=\"screen-reader-text\">Dipl\u00f4mes<\/span><\/a><\/p>\n","protected":false},"author":5,"featured_media":0,"parent":0,"menu_order":0,"comment_status":"closed","ping_status":"closed","template":"","meta":{"_uag_custom_page_level_css":"","_monsterinsights_skip_tracking":false,"_monsterinsights_sitenote_active":false,"_monsterinsights_sitenote_note":"","_monsterinsights_sitenote_category":0,"footnotes":""},"class_list":["post-449","page","type-page","status-publish","hentry"],"yoast_head":"<!-- This site is optimized with the Yoast SEO plugin v27.4 - https:\/\/yoast.com\/product\/yoast-seo-wordpress\/ -->\n<title>Dipl\u00f4mes - Laurence Lebreton<\/title>\n<meta name=\"robots\" content=\"index, follow, max-snippet:-1, max-image-preview:large, max-video-preview:-1\" \/>\n<link rel=\"canonical\" href=\"https:\/\/lebretonpsy.com\/index.php\/diplomes\/\" \/>\n<meta property=\"og:locale\" content=\"fr_FR\" \/>\n<meta property=\"og:type\" content=\"article\" \/>\n<meta property=\"og:title\" content=\"Dipl\u00f4mes - Laurence Lebreton\" \/>\n<meta property=\"og:description\" content=\"Dipl\u00f4mes obtenus \u00e0 l&rsquo;Universit\u00e9 Lumi\u00e8re Lyon 2: Licence de psychologie clinique Licence d&rsquo;anthropologie Master de psychopathologie et psychologie clinique obtenu en 2008. Certificats: TSA : O.A.Dip. Autism Awareness \u00a02016 &#8211; Online Academies WISC V: Passation, cotation et interpr\u00e9tation du WISC V 2019 &#8211; ASADIS Formation\/ECPA Crise suicidaire 2021 &#8211; \u00a0CHU de Nantes Approche syst\u00e9mique 2021 &hellip; Continuer la lecture de Dipl\u00f4mes\" \/>\n<meta property=\"og:url\" content=\"https:\/\/lebretonpsy.com\/index.php\/diplomes\/\" \/>\n<meta property=\"og:site_name\" content=\"Laurence Lebreton\" \/>\n<meta property=\"article:modified_time\" content=\"2025-11-11T11:32:29+00:00\" \/>\n<meta name=\"twitter:label1\" content=\"Dur\u00e9e de lecture estim\u00e9e\" \/>\n\t<meta name=\"twitter:data1\" content=\"1 minute\" \/>\n<script type=\"application\/ld+json\" class=\"yoast-schema-graph\">{\"@context\":\"https:\\\/\\\/schema.org\",\"@graph\":[{\"@type\":\"WebPage\",\"@id\":\"https:\\\/\\\/lebretonpsy.com\\\/index.php\\\/diplomes\\\/\",\"url\":\"https:\\\/\\\/lebretonpsy.com\\\/index.php\\\/diplomes\\\/\",\"name\":\"Dipl\u00f4mes - Laurence Lebreton\",\"isPartOf\":{\"@id\":\"https:\\\/\\\/lebretonpsy.com\\\/#website\"},\"datePublished\":\"2020-05-22T20:38:10+00:00\",\"dateModified\":\"2025-11-11T11:32:29+00:00\",\"breadcrumb\":{\"@id\":\"https:\\\/\\\/lebretonpsy.com\\\/index.php\\\/diplomes\\\/#breadcrumb\"},\"inLanguage\":\"fr-FR\",\"potentialAction\":[{\"@type\":\"ReadAction\",\"target\":[\"https:\\\/\\\/lebretonpsy.com\\\/index.php\\\/diplomes\\\/\"]}]},{\"@type\":\"BreadcrumbList\",\"@id\":\"https:\\\/\\\/lebretonpsy.com\\\/index.php\\\/diplomes\\\/#breadcrumb\",\"itemListElement\":[{\"@type\":\"ListItem\",\"position\":1,\"name\":\"Accueil\",\"item\":\"https:\\\/\\\/lebretonpsy.com\\\/\"},{\"@type\":\"ListItem\",\"position\":2,\"name\":\"Dipl\u00f4mes\"}]},{\"@type\":\"WebSite\",\"@id\":\"https:\\\/\\\/lebretonpsy.com\\\/#website\",\"url\":\"https:\\\/\\\/lebretonpsy.com\\\/\",\"name\":\"Laurence Lebreton\",\"description\":\"Psychologue Clinicienne\",\"potentialAction\":[{\"@type\":\"SearchAction\",\"target\":{\"@type\":\"EntryPoint\",\"urlTemplate\":\"https:\\\/\\\/lebretonpsy.com\\\/?s={search_term_string}\"},\"query-input\":{\"@type\":\"PropertyValueSpecification\",\"valueRequired\":true,\"valueName\":\"search_term_string\"}}],\"inLanguage\":\"fr-FR\"}]}<\/script>\n<!-- \/ Yoast SEO plugin. -->","yoast_head_json":{"title":"Dipl\u00f4mes - Laurence Lebreton","robots":{"index":"index","follow":"follow","max-snippet":"max-snippet:-1","max-image-preview":"max-image-preview:large","max-video-preview":"max-video-preview:-1"},"canonical":"https:\/\/lebretonpsy.com\/index.php\/diplomes\/","og_locale":"fr_FR","og_type":"article","og_title":"Dipl\u00f4mes - Laurence Lebreton","og_description":"Dipl\u00f4mes obtenus \u00e0 l&rsquo;Universit\u00e9 Lumi\u00e8re Lyon 2: Licence de psychologie clinique Licence d&rsquo;anthropologie Master de psychopathologie et psychologie clinique obtenu en 2008. Certificats: TSA : O.A.Dip. Autism Awareness \u00a02016 &#8211; Online Academies WISC V: Passation, cotation et interpr\u00e9tation du WISC V 2019 &#8211; ASADIS Formation\/ECPA Crise suicidaire 2021 &#8211; \u00a0CHU de Nantes Approche syst\u00e9mique 2021 &hellip; Continuer la lecture de Dipl\u00f4mes","og_url":"https:\/\/lebretonpsy.com\/index.php\/diplomes\/","og_site_name":"Laurence Lebreton","article_modified_time":"2025-11-11T11:32:29+00:00","twitter_misc":{"Dur\u00e9e de lecture estim\u00e9e":"1 minute"},"schema":{"@context":"https:\/\/schema.org","@graph":[{"@type":"WebPage","@id":"https:\/\/lebretonpsy.com\/index.php\/diplomes\/","url":"https:\/\/lebretonpsy.com\/index.php\/diplomes\/","name":"Dipl\u00f4mes - Laurence Lebreton","isPartOf":{"@id":"https:\/\/lebretonpsy.com\/#website"},"datePublished":"2020-05-22T20:38:10+00:00","dateModified":"2025-11-11T11:32:29+00:00","breadcrumb":{"@id":"https:\/\/lebretonpsy.com\/index.php\/diplomes\/#breadcrumb"},"inLanguage":"fr-FR","potentialAction":[{"@type":"ReadAction","target":["https:\/\/lebretonpsy.com\/index.php\/diplomes\/"]}]},{"@type":"BreadcrumbList","@id":"https:\/\/lebretonpsy.com\/index.php\/diplomes\/#breadcrumb","itemListElement":[{"@type":"ListItem","position":1,"name":"Accueil","item":"https:\/\/lebretonpsy.com\/"},{"@type":"ListItem","position":2,"name":"Dipl\u00f4mes"}]},{"@type":"WebSite","@id":"https:\/\/lebretonpsy.com\/#website","url":"https:\/\/lebretonpsy.com\/","name":"Laurence Lebreton","description":"Psychologue Clinicienne","potentialAction":[{"@type":"SearchAction","target":{"@type":"EntryPoint","urlTemplate":"https:\/\/lebretonpsy.com\/?s={search_term_string}"},"query-input":{"@type":"PropertyValueSpecification","valueRequired":true,"valueName":"search_term_string"}}],"inLanguage":"fr-FR"}]}},"uagb_featured_image_src":{"full":false,"thumbnail":false,"medium":false,"medium_large":false,"large":false,"1536x1536":false,"2048x2048":false,"post-thumbnail":false},"uagb_author_info":{"display_name":"@R00t-LOLEBWEBSITE95","author_link":"https:\/\/lebretonpsy.com\/index.php\/author\/r00t-lolebwebsite95\/"},"uagb_comment_info":0,"uagb_excerpt":"Dipl\u00f4mes obtenus \u00e0 l&rsquo;Universit\u00e9 Lumi\u00e8re Lyon 2: Licence de psychologie clinique Licence d&rsquo;anthropologie Master de psychopathologie et psychologie clinique obtenu en 2008. Certificats: TSA : O.A.Dip. Autism Awareness \u00a02016 &#8211; Online Academies WISC V: Passation, cotation et interpr\u00e9tation du WISC V 2019 &#8211; ASADIS Formation\/ECPA Crise suicidaire 2021 &#8211; \u00a0CHU de Nantes Approche syst\u00e9mique 2021\u2026","_links":{"self":[{"href":"https:\/\/lebretonpsy.com\/index.php\/wp-json\/wp\/v2\/pages\/449","targetHints":{"allow":["GET"]}}],"collection":[{"href":"https:\/\/lebretonpsy.com\/index.php\/wp-json\/wp\/v2\/pages"}],"about":[{"href":"https:\/\/lebretonpsy.com\/index.php\/wp-json\/wp\/v2\/types\/page"}],"author":[{"embeddable":true,"href":"https:\/\/lebretonpsy.com\/index.php\/wp-json\/wp\/v2\/users\/5"}],"replies":[{"embeddable":true,"href":"https:\/\/lebretonpsy.com\/index.php\/wp-json\/wp\/v2\/comments?post=449"}],"version-history":[{"count":6,"href":"https:\/\/lebretonpsy.com\/index.php\/wp-json\/wp\/v2\/pages\/449\/revisions"}],"predecessor-version":[{"id":894,"href":"https:\/\/lebretonpsy.com\/index.php\/wp-json\/wp\/v2\/pages\/449\/revisions\/894"}],"wp:attachment":[{"href":"https:\/\/lebretonpsy.com\/index.php\/wp-json\/wp\/v2\/media?parent=449"}],"curies":[{"name":"wp","href":"https:\/\/api.w.org\/{rel}","templated":true}]}}