{"id":452,"date":"2020-05-22T22:47:29","date_gmt":"2020-05-22T20:47:29","guid":{"rendered":"https:\/\/lebretonpsy.com\/?page_id=452"},"modified":"2020-05-22T22:47:29","modified_gmt":"2020-05-22T20:47:29","slug":"numero-adeli","status":"publish","type":"page","link":"https:\/\/lebretonpsy.com\/index.php\/numero-adeli\/","title":{"rendered":"Num\u00e9ro ADELI"},"content":{"rendered":"\n<p>L&rsquo;ARS ou Agence R\u00e9gionale de Sant\u00e9 est l&rsquo;organisme d&rsquo;Etat qui contr\u00f4le l&rsquo;ensemble des professionnels de sant\u00e9, dont les psychologues. Elle leur attribue un num\u00e9ro ADELI qui prouve la r\u00e9gularit\u00e9 et l&rsquo;authenticit\u00e9 des dipl\u00f4mes.<\/p>\n\n\n\n<p>Vous pouvez ainsi v\u00e9rifier pour chaque professionnel de sant\u00e9 s&rsquo;il est bien inscrit, en contactant l&rsquo;ARS de votre r\u00e9gion avec le num\u00e9ro ADELI du professionnel concern\u00e9.<\/p>\n\n\n\n<p>Mon num\u00e9ro ADELI est:   699312542<\/p>\n","protected":false},"excerpt":{"rendered":"<p>L&rsquo;ARS ou Agence R\u00e9gionale de Sant\u00e9 est l&rsquo;organisme d&rsquo;Etat qui contr\u00f4le l&rsquo;ensemble des professionnels de sant\u00e9, dont les psychologues. Elle leur attribue un num\u00e9ro ADELI qui prouve la r\u00e9gularit\u00e9 et l&rsquo;authenticit\u00e9 des dipl\u00f4mes. Vous pouvez ainsi v\u00e9rifier pour chaque professionnel de sant\u00e9 s&rsquo;il est bien inscrit, en contactant l&rsquo;ARS de votre r\u00e9gion avec le num\u00e9ro &hellip; <a href=\"https:\/\/lebretonpsy.com\/index.php\/numero-adeli\/\" class=\"more-link\">Continuer la lecture de <span class=\"screen-reader-text\">Num\u00e9ro ADELI<\/span><\/a><\/p>\n","protected":false},"author":5,"featured_media":0,"parent":0,"menu_order":0,"comment_status":"closed","ping_status":"closed","template":"","meta":{"_uag_custom_page_level_css":"","_monsterinsights_skip_tracking":false,"_monsterinsights_sitenote_active":false,"_monsterinsights_sitenote_note":"","_monsterinsights_sitenote_category":0,"footnotes":""},"class_list":["post-452","page","type-page","status-publish","hentry"],"yoast_head":"<!-- This site is optimized with the Yoast SEO plugin v27.4 - https:\/\/yoast.com\/product\/yoast-seo-wordpress\/ -->\n<title>Num\u00e9ro ADELI - Laurence Lebreton<\/title>\n<meta name=\"robots\" content=\"index, follow, max-snippet:-1, max-image-preview:large, max-video-preview:-1\" \/>\n<link rel=\"canonical\" href=\"https:\/\/lebretonpsy.com\/index.php\/numero-adeli\/\" \/>\n<meta property=\"og:locale\" content=\"fr_FR\" \/>\n<meta property=\"og:type\" content=\"article\" \/>\n<meta property=\"og:title\" content=\"Num\u00e9ro ADELI - Laurence Lebreton\" \/>\n<meta property=\"og:description\" content=\"L&rsquo;ARS ou Agence R\u00e9gionale de Sant\u00e9 est l&rsquo;organisme d&rsquo;Etat qui contr\u00f4le l&rsquo;ensemble des professionnels de sant\u00e9, dont les psychologues. Elle leur attribue un num\u00e9ro ADELI qui prouve la r\u00e9gularit\u00e9 et l&rsquo;authenticit\u00e9 des dipl\u00f4mes. Vous pouvez ainsi v\u00e9rifier pour chaque professionnel de sant\u00e9 s&rsquo;il est bien inscrit, en contactant l&rsquo;ARS de votre r\u00e9gion avec le num\u00e9ro &hellip; Continuer la lecture de Num\u00e9ro ADELI\" \/>\n<meta property=\"og:url\" content=\"https:\/\/lebretonpsy.com\/index.php\/numero-adeli\/\" \/>\n<meta property=\"og:site_name\" content=\"Laurence Lebreton\" \/>\n<script type=\"application\/ld+json\" class=\"yoast-schema-graph\">{\"@context\":\"https:\\\/\\\/schema.org\",\"@graph\":[{\"@type\":\"WebPage\",\"@id\":\"https:\\\/\\\/lebretonpsy.com\\\/index.php\\\/numero-adeli\\\/\",\"url\":\"https:\\\/\\\/lebretonpsy.com\\\/index.php\\\/numero-adeli\\\/\",\"name\":\"Num\u00e9ro ADELI - Laurence Lebreton\",\"isPartOf\":{\"@id\":\"https:\\\/\\\/lebretonpsy.com\\\/#website\"},\"datePublished\":\"2020-05-22T20:47:29+00:00\",\"breadcrumb\":{\"@id\":\"https:\\\/\\\/lebretonpsy.com\\\/index.php\\\/numero-adeli\\\/#breadcrumb\"},\"inLanguage\":\"fr-FR\",\"potentialAction\":[{\"@type\":\"ReadAction\",\"target\":[\"https:\\\/\\\/lebretonpsy.com\\\/index.php\\\/numero-adeli\\\/\"]}]},{\"@type\":\"BreadcrumbList\",\"@id\":\"https:\\\/\\\/lebretonpsy.com\\\/index.php\\\/numero-adeli\\\/#breadcrumb\",\"itemListElement\":[{\"@type\":\"ListItem\",\"position\":1,\"name\":\"Accueil\",\"item\":\"https:\\\/\\\/lebretonpsy.com\\\/\"},{\"@type\":\"ListItem\",\"position\":2,\"name\":\"Num\u00e9ro ADELI\"}]},{\"@type\":\"WebSite\",\"@id\":\"https:\\\/\\\/lebretonpsy.com\\\/#website\",\"url\":\"https:\\\/\\\/lebretonpsy.com\\\/\",\"name\":\"Laurence Lebreton\",\"description\":\"Psychologue Clinicienne\",\"potentialAction\":[{\"@type\":\"SearchAction\",\"target\":{\"@type\":\"EntryPoint\",\"urlTemplate\":\"https:\\\/\\\/lebretonpsy.com\\\/?s={search_term_string}\"},\"query-input\":{\"@type\":\"PropertyValueSpecification\",\"valueRequired\":true,\"valueName\":\"search_term_string\"}}],\"inLanguage\":\"fr-FR\"}]}<\/script>\n<!-- \/ Yoast SEO plugin. -->","yoast_head_json":{"title":"Num\u00e9ro ADELI - Laurence Lebreton","robots":{"index":"index","follow":"follow","max-snippet":"max-snippet:-1","max-image-preview":"max-image-preview:large","max-video-preview":"max-video-preview:-1"},"canonical":"https:\/\/lebretonpsy.com\/index.php\/numero-adeli\/","og_locale":"fr_FR","og_type":"article","og_title":"Num\u00e9ro ADELI - Laurence Lebreton","og_description":"L&rsquo;ARS ou Agence R\u00e9gionale de Sant\u00e9 est l&rsquo;organisme d&rsquo;Etat qui contr\u00f4le l&rsquo;ensemble des professionnels de sant\u00e9, dont les psychologues. Elle leur attribue un num\u00e9ro ADELI qui prouve la r\u00e9gularit\u00e9 et l&rsquo;authenticit\u00e9 des dipl\u00f4mes. Vous pouvez ainsi v\u00e9rifier pour chaque professionnel de sant\u00e9 s&rsquo;il est bien inscrit, en contactant l&rsquo;ARS de votre r\u00e9gion avec le num\u00e9ro &hellip; Continuer la lecture de Num\u00e9ro ADELI","og_url":"https:\/\/lebretonpsy.com\/index.php\/numero-adeli\/","og_site_name":"Laurence Lebreton","schema":{"@context":"https:\/\/schema.org","@graph":[{"@type":"WebPage","@id":"https:\/\/lebretonpsy.com\/index.php\/numero-adeli\/","url":"https:\/\/lebretonpsy.com\/index.php\/numero-adeli\/","name":"Num\u00e9ro ADELI - Laurence Lebreton","isPartOf":{"@id":"https:\/\/lebretonpsy.com\/#website"},"datePublished":"2020-05-22T20:47:29+00:00","breadcrumb":{"@id":"https:\/\/lebretonpsy.com\/index.php\/numero-adeli\/#breadcrumb"},"inLanguage":"fr-FR","potentialAction":[{"@type":"ReadAction","target":["https:\/\/lebretonpsy.com\/index.php\/numero-adeli\/"]}]},{"@type":"BreadcrumbList","@id":"https:\/\/lebretonpsy.com\/index.php\/numero-adeli\/#breadcrumb","itemListElement":[{"@type":"ListItem","position":1,"name":"Accueil","item":"https:\/\/lebretonpsy.com\/"},{"@type":"ListItem","position":2,"name":"Num\u00e9ro ADELI"}]},{"@type":"WebSite","@id":"https:\/\/lebretonpsy.com\/#website","url":"https:\/\/lebretonpsy.com\/","name":"Laurence Lebreton","description":"Psychologue Clinicienne","potentialAction":[{"@type":"SearchAction","target":{"@type":"EntryPoint","urlTemplate":"https:\/\/lebretonpsy.com\/?s={search_term_string}"},"query-input":{"@type":"PropertyValueSpecification","valueRequired":true,"valueName":"search_term_string"}}],"inLanguage":"fr-FR"}]}},"uagb_featured_image_src":{"full":false,"thumbnail":false,"medium":false,"medium_large":false,"large":false,"1536x1536":false,"2048x2048":false,"post-thumbnail":false},"uagb_author_info":{"display_name":"@R00t-LOLEBWEBSITE95","author_link":"https:\/\/lebretonpsy.com\/index.php\/author\/r00t-lolebwebsite95\/"},"uagb_comment_info":0,"uagb_excerpt":"L&rsquo;ARS ou Agence R\u00e9gionale de Sant\u00e9 est l&rsquo;organisme d&rsquo;Etat qui contr\u00f4le l&rsquo;ensemble des professionnels de sant\u00e9, dont les psychologues. Elle leur attribue un num\u00e9ro ADELI qui prouve la r\u00e9gularit\u00e9 et l&rsquo;authenticit\u00e9 des dipl\u00f4mes. Vous pouvez ainsi v\u00e9rifier pour chaque professionnel de sant\u00e9 s&rsquo;il est bien inscrit, en contactant l&rsquo;ARS de votre r\u00e9gion avec le num\u00e9ro\u2026","_links":{"self":[{"href":"https:\/\/lebretonpsy.com\/index.php\/wp-json\/wp\/v2\/pages\/452","targetHints":{"allow":["GET"]}}],"collection":[{"href":"https:\/\/lebretonpsy.com\/index.php\/wp-json\/wp\/v2\/pages"}],"about":[{"href":"https:\/\/lebretonpsy.com\/index.php\/wp-json\/wp\/v2\/types\/page"}],"author":[{"embeddable":true,"href":"https:\/\/lebretonpsy.com\/index.php\/wp-json\/wp\/v2\/users\/5"}],"replies":[{"embeddable":true,"href":"https:\/\/lebretonpsy.com\/index.php\/wp-json\/wp\/v2\/comments?post=452"}],"version-history":[{"count":2,"href":"https:\/\/lebretonpsy.com\/index.php\/wp-json\/wp\/v2\/pages\/452\/revisions"}],"predecessor-version":[{"id":455,"href":"https:\/\/lebretonpsy.com\/index.php\/wp-json\/wp\/v2\/pages\/452\/revisions\/455"}],"wp:attachment":[{"href":"https:\/\/lebretonpsy.com\/index.php\/wp-json\/wp\/v2\/media?parent=452"}],"curies":[{"name":"wp","href":"https:\/\/api.w.org\/{rel}","templated":true}]}}