{"id":601,"date":"2020-05-25T22:00:58","date_gmt":"2020-05-25T20:00:58","guid":{"rendered":"https:\/\/lebretonpsy.com\/?page_id=601"},"modified":"2020-05-25T22:00:58","modified_gmt":"2020-05-25T20:00:58","slug":"conditions-generales-dutilisation","status":"publish","type":"page","link":"https:\/\/lebretonpsy.com\/index.php\/conditions-generales-dutilisation\/","title":{"rendered":"Conditions G\u00e9n\u00e9rales d&rsquo;Utilisation"},"content":{"rendered":"<p style=\"text-align: center;\"><span style=\"font-size: 24px; color: #1a50ad;\"><strong>Vos donn\u00e9es personnelles &#8211; CNIL et RGPD<\/strong><\/span><\/p>\n<p><span style=\"color: #1a50ad;\">Ce que dit la CNIL (Commission Nationale de l&rsquo;Informatique et des Libert\u00e9s) <a style=\"color: #1a50ad;\" href=\"https:\/\/www.cnil.fr\/fr\/rgpd-et-professionnels-de-sante-liberaux-ce-que-vous-devez-savoir\" target=\"_blank\" rel=\"noopener noreferrer\"><span style=\"font-size: 14px;\"><em>https:\/\/www.cnil.fr\/fr\/rgpd-et-professionnels-de-sante-liberaux-ce-que-vous-devez-savoir<\/em><\/span><\/a><\/span><\/p>\n<p><span style=\"color: #1a50ad;\"><strong>Le R\u00e8glement G\u00e9n\u00e9ral pour la Protection des Donn\u00e9es<\/strong> est une r\u00e9glementation europ\u00e9enne. Vot\u00e9e au Parlement Europ\u00e9en en 2016, sa mise en application est mondiale, et l\u2019organisme en charge de son respect en France est la <a style=\"color: #1a50ad;\" href=\"https:\/\/www.cnil.fr\/fr\/rgpd-passer-a-laction\" target=\"_blank\" rel=\"noopener noreferrer\">CNIL<\/a>, la <strong>Commission Nationale de l\u2019Informatique et des Libert\u00e9s<\/strong>.<\/span><\/p>\n<p><span style=\"color: #1a50ad;\">Le but de cette r\u00e9glementation est d&rsquo;assurer \u00e0 tout individu le contr\u00f4le et la protection des donn\u00e9es \u00e0 caract\u00e8re personnel qu\u2019il diss\u00e9mine lors de ses navigations sur internet.<\/span><\/p>\n<p><span style=\"color: #1a50ad;\"><strong>Le RGPD concerne \u00e9galement les professionnels de la sant\u00e9 mentale.<\/strong><\/span><\/p>\n<p><span style=\"color: #1a50ad;\">Les donn\u00e9es de sant\u00e9 sont des donn\u00e9es \u00e0 caract\u00e8re personnel particuli\u00e8res car consid\u00e9r\u00e9es comme sensibles. Elles font \u00e0 ce titre l\u2019objet d\u2019une <strong>protection particuli\u00e8re<\/strong> par les textes (r\u00e8glement europ\u00e9en sur la protection des donn\u00e9es personnelles, loi Informatique et Libert\u00e9s, code de la sant\u00e9 publique, etc.) afin de garantir le respect de la vie priv\u00e9e des personnes.<\/span><\/p>\n<p><span style=\"color: #1a50ad;\">Le dispositif <strong>RGPD s\u2019applique \u00e0 toutes les donn\u00e9es informatiques et papier<\/strong> (ex : dossier patient papier).<\/span><\/p>\n<p><span style=\"color: #1a50ad;\">Les donn\u00e9es collect\u00e9es sur les patients doivent \u00eatre <strong>ad\u00e9quates, pertinentes et limit\u00e9es<\/strong> \u00e0 ce qui est strictement n\u00e9cessaire \u00e0 la prise\u00a0en charge du patient au titre des activit\u00e9s de pr\u00e9vention, de diagnostic et de soins.<\/span><\/p>\n<p style=\"text-align: center;\"><span style=\"font-size: 24px; color: #1a50ad;\"><strong>Vos donn\u00e9es sur lebretonpsy.com<\/strong><\/span><\/p>\n<p><span style=\"color: #1a50ad;\"><strong>Les coordonn\u00e9es du site\u00a0:<\/strong> le site lebretonpsy.com est administr\u00e9 par moi-m\u00eame, \u00e9dit\u00e9 sous WordPress et h\u00e9berg\u00e9 chez <a style=\"color: #1a50ad;\" href=\"https:\/\/www.ovh.com\/fr\/\" target=\"_blank\" rel=\"noopener noreferrer\">OVH<\/a>.<\/span><\/p>\n<p><span style=\"color: #1a50ad;\"><strong>Le stockage des donn\u00e9es :<\/strong> le site lebretonpsy.com est stock\u00e9 sur un serveur h\u00e9berg\u00e9 chez <a style=\"color: #1a50ad;\" href=\"https:\/\/www.ovh.com\/fr\/\">OVH<\/a> un des leaders mondiaux dans le domaine de l\u2019h\u00e9bergement et du stockage des donn\u00e9es. <a style=\"color: #1a50ad;\" href=\"https:\/\/www.ovh.com\/fr\/\">OVH<\/a> est en conformit\u00e9 avec le RGPD. Pour tout compl\u00e9ment d\u2019information cliquer ici<em><span style=\"font-size: 14px;\"><a style=\"color: #1a50ad;\" href=\"https:\/\/www.ovh.com\/fr\/protection-donnees-personnelles\/gdpr.xml\" target=\"_blank\" rel=\"noopener noreferrer\"> https:\/\/www.ovh.com\/fr\/protection-donnees-personnelles\/gdpr.xml<\/a><\/span><\/em><\/span><\/p>\n<p><span style=\"color: #1a50ad;\"><strong>Quel type de donn\u00e9es sont r\u00e9colt\u00e9es ? :<\/strong> uniquement celles mises dans le formulaire contact (nom de famille et email). Mes notes personnelles sont manuscrites et entrepos\u00e9es dans un lieu s\u00e9curis\u00e9. Les factures et les bilans psychologiques sont stock\u00e9s sur un serveur s\u00e9curis\u00e9 et crypt\u00e9 chez Microsoft.<\/span><\/p>\n<p><span style=\"color: #1a50ad;\"><strong>Pourquoi vous collectez ces donn\u00e9es :<\/strong> je n\u2019utilise aucun logiciel de traitement ou d\u2019enregistrement des donn\u00e9es \u00e0 des fins marketing. Ces donn\u00e9es sont exclusivement des notes personnelles de travail.<\/span><\/p>\n<p><span style=\"color: #1a50ad;\"><strong>Ces donn\u00e9es sont-elles transmises ou partag\u00e9es ? :<\/strong> en aucun cas sauf accord pr\u00e9alable \u00e9crit par la personne concern\u00e9e \u00e0 des fins professionnelles exclusivement.<\/span><\/p>\n<p><span style=\"color: #1a50ad;\"><strong>Combien de temps vous stockez ces donn\u00e9es\u00a0? :<\/strong> vos donn\u00e9es sont conserv\u00e9es ind\u00e9finiment tant que vous ne formulez pas la demande par email de les r\u00e9cup\u00e9rer et de les d\u00e9truire.<\/span><\/p>\n","protected":false},"excerpt":{"rendered":"<p>Vos donn\u00e9es personnelles &#8211; CNIL et RGPD Ce que dit la CNIL (Commission Nationale de l&rsquo;Informatique et des Libert\u00e9s) https:\/\/www.cnil.fr\/fr\/rgpd-et-professionnels-de-sante-liberaux-ce-que-vous-devez-savoir Le R\u00e8glement G\u00e9n\u00e9ral pour la Protection des Donn\u00e9es est une r\u00e9glementation europ\u00e9enne. Vot\u00e9e au Parlement Europ\u00e9en en 2016, sa mise en application est mondiale, et l\u2019organisme en charge de son respect en France est la &hellip; <a href=\"https:\/\/lebretonpsy.com\/index.php\/conditions-generales-dutilisation\/\" class=\"more-link\">Continuer la lecture de <span class=\"screen-reader-text\">Conditions G\u00e9n\u00e9rales d&rsquo;Utilisation<\/span><\/a><\/p>\n","protected":false},"author":5,"featured_media":0,"parent":0,"menu_order":0,"comment_status":"closed","ping_status":"closed","template":"","meta":{"_uag_custom_page_level_css":"","_monsterinsights_skip_tracking":false,"_monsterinsights_sitenote_active":false,"_monsterinsights_sitenote_note":"","_monsterinsights_sitenote_category":0,"footnotes":""},"class_list":["post-601","page","type-page","status-publish","hentry"],"yoast_head":"<!-- This site is optimized with the Yoast SEO plugin v27.4 - https:\/\/yoast.com\/product\/yoast-seo-wordpress\/ -->\n<title>Conditions G\u00e9n\u00e9rales d&#039;Utilisation - Laurence Lebreton<\/title>\n<meta name=\"robots\" content=\"index, follow, max-snippet:-1, max-image-preview:large, max-video-preview:-1\" \/>\n<link rel=\"canonical\" href=\"https:\/\/lebretonpsy.com\/index.php\/conditions-generales-dutilisation\/\" \/>\n<meta property=\"og:locale\" content=\"fr_FR\" \/>\n<meta property=\"og:type\" content=\"article\" \/>\n<meta property=\"og:title\" content=\"Conditions G\u00e9n\u00e9rales d&#039;Utilisation - Laurence Lebreton\" \/>\n<meta property=\"og:description\" content=\"Vos donn\u00e9es personnelles &#8211; CNIL et RGPD Ce que dit la CNIL (Commission Nationale de l&rsquo;Informatique et des Libert\u00e9s) https:\/\/www.cnil.fr\/fr\/rgpd-et-professionnels-de-sante-liberaux-ce-que-vous-devez-savoir Le R\u00e8glement G\u00e9n\u00e9ral pour la Protection des Donn\u00e9es est une r\u00e9glementation europ\u00e9enne. Vot\u00e9e au Parlement Europ\u00e9en en 2016, sa mise en application est mondiale, et l\u2019organisme en charge de son respect en France est la &hellip; Continuer la lecture de Conditions G\u00e9n\u00e9rales d&rsquo;Utilisation\" \/>\n<meta property=\"og:url\" content=\"https:\/\/lebretonpsy.com\/index.php\/conditions-generales-dutilisation\/\" \/>\n<meta property=\"og:site_name\" content=\"Laurence Lebreton\" \/>\n<meta name=\"twitter:label1\" content=\"Dur\u00e9e de lecture estim\u00e9e\" \/>\n\t<meta name=\"twitter:data1\" content=\"2 minutes\" \/>\n<script type=\"application\/ld+json\" class=\"yoast-schema-graph\">{\"@context\":\"https:\\\/\\\/schema.org\",\"@graph\":[{\"@type\":\"WebPage\",\"@id\":\"https:\\\/\\\/lebretonpsy.com\\\/index.php\\\/conditions-generales-dutilisation\\\/\",\"url\":\"https:\\\/\\\/lebretonpsy.com\\\/index.php\\\/conditions-generales-dutilisation\\\/\",\"name\":\"Conditions G\u00e9n\u00e9rales d'Utilisation - Laurence Lebreton\",\"isPartOf\":{\"@id\":\"https:\\\/\\\/lebretonpsy.com\\\/#website\"},\"datePublished\":\"2020-05-25T20:00:58+00:00\",\"breadcrumb\":{\"@id\":\"https:\\\/\\\/lebretonpsy.com\\\/index.php\\\/conditions-generales-dutilisation\\\/#breadcrumb\"},\"inLanguage\":\"fr-FR\",\"potentialAction\":[{\"@type\":\"ReadAction\",\"target\":[\"https:\\\/\\\/lebretonpsy.com\\\/index.php\\\/conditions-generales-dutilisation\\\/\"]}]},{\"@type\":\"BreadcrumbList\",\"@id\":\"https:\\\/\\\/lebretonpsy.com\\\/index.php\\\/conditions-generales-dutilisation\\\/#breadcrumb\",\"itemListElement\":[{\"@type\":\"ListItem\",\"position\":1,\"name\":\"Accueil\",\"item\":\"https:\\\/\\\/lebretonpsy.com\\\/\"},{\"@type\":\"ListItem\",\"position\":2,\"name\":\"Conditions G\u00e9n\u00e9rales d&rsquo;Utilisation\"}]},{\"@type\":\"WebSite\",\"@id\":\"https:\\\/\\\/lebretonpsy.com\\\/#website\",\"url\":\"https:\\\/\\\/lebretonpsy.com\\\/\",\"name\":\"Laurence Lebreton\",\"description\":\"Psychologue Clinicienne\",\"potentialAction\":[{\"@type\":\"SearchAction\",\"target\":{\"@type\":\"EntryPoint\",\"urlTemplate\":\"https:\\\/\\\/lebretonpsy.com\\\/?s={search_term_string}\"},\"query-input\":{\"@type\":\"PropertyValueSpecification\",\"valueRequired\":true,\"valueName\":\"search_term_string\"}}],\"inLanguage\":\"fr-FR\"}]}<\/script>\n<!-- \/ Yoast SEO plugin. -->","yoast_head_json":{"title":"Conditions G\u00e9n\u00e9rales d'Utilisation - Laurence Lebreton","robots":{"index":"index","follow":"follow","max-snippet":"max-snippet:-1","max-image-preview":"max-image-preview:large","max-video-preview":"max-video-preview:-1"},"canonical":"https:\/\/lebretonpsy.com\/index.php\/conditions-generales-dutilisation\/","og_locale":"fr_FR","og_type":"article","og_title":"Conditions G\u00e9n\u00e9rales d'Utilisation - Laurence Lebreton","og_description":"Vos donn\u00e9es personnelles &#8211; CNIL et RGPD Ce que dit la CNIL (Commission Nationale de l&rsquo;Informatique et des Libert\u00e9s) https:\/\/www.cnil.fr\/fr\/rgpd-et-professionnels-de-sante-liberaux-ce-que-vous-devez-savoir Le R\u00e8glement G\u00e9n\u00e9ral pour la Protection des Donn\u00e9es est une r\u00e9glementation europ\u00e9enne. Vot\u00e9e au Parlement Europ\u00e9en en 2016, sa mise en application est mondiale, et l\u2019organisme en charge de son respect en France est la &hellip; Continuer la lecture de Conditions G\u00e9n\u00e9rales d&rsquo;Utilisation","og_url":"https:\/\/lebretonpsy.com\/index.php\/conditions-generales-dutilisation\/","og_site_name":"Laurence Lebreton","twitter_misc":{"Dur\u00e9e de lecture estim\u00e9e":"2 minutes"},"schema":{"@context":"https:\/\/schema.org","@graph":[{"@type":"WebPage","@id":"https:\/\/lebretonpsy.com\/index.php\/conditions-generales-dutilisation\/","url":"https:\/\/lebretonpsy.com\/index.php\/conditions-generales-dutilisation\/","name":"Conditions G\u00e9n\u00e9rales d'Utilisation - Laurence Lebreton","isPartOf":{"@id":"https:\/\/lebretonpsy.com\/#website"},"datePublished":"2020-05-25T20:00:58+00:00","breadcrumb":{"@id":"https:\/\/lebretonpsy.com\/index.php\/conditions-generales-dutilisation\/#breadcrumb"},"inLanguage":"fr-FR","potentialAction":[{"@type":"ReadAction","target":["https:\/\/lebretonpsy.com\/index.php\/conditions-generales-dutilisation\/"]}]},{"@type":"BreadcrumbList","@id":"https:\/\/lebretonpsy.com\/index.php\/conditions-generales-dutilisation\/#breadcrumb","itemListElement":[{"@type":"ListItem","position":1,"name":"Accueil","item":"https:\/\/lebretonpsy.com\/"},{"@type":"ListItem","position":2,"name":"Conditions G\u00e9n\u00e9rales d&rsquo;Utilisation"}]},{"@type":"WebSite","@id":"https:\/\/lebretonpsy.com\/#website","url":"https:\/\/lebretonpsy.com\/","name":"Laurence Lebreton","description":"Psychologue Clinicienne","potentialAction":[{"@type":"SearchAction","target":{"@type":"EntryPoint","urlTemplate":"https:\/\/lebretonpsy.com\/?s={search_term_string}"},"query-input":{"@type":"PropertyValueSpecification","valueRequired":true,"valueName":"search_term_string"}}],"inLanguage":"fr-FR"}]}},"uagb_featured_image_src":{"full":false,"thumbnail":false,"medium":false,"medium_large":false,"large":false,"1536x1536":false,"2048x2048":false,"post-thumbnail":false},"uagb_author_info":{"display_name":"@R00t-LOLEBWEBSITE95","author_link":"https:\/\/lebretonpsy.com\/index.php\/author\/r00t-lolebwebsite95\/"},"uagb_comment_info":0,"uagb_excerpt":"Vos donn\u00e9es personnelles &#8211; CNIL et RGPD Ce que dit la CNIL (Commission Nationale de l&rsquo;Informatique et des Libert\u00e9s) https:\/\/www.cnil.fr\/fr\/rgpd-et-professionnels-de-sante-liberaux-ce-que-vous-devez-savoir Le R\u00e8glement G\u00e9n\u00e9ral pour la Protection des Donn\u00e9es est une r\u00e9glementation europ\u00e9enne. Vot\u00e9e au Parlement Europ\u00e9en en 2016, sa mise en application est mondiale, et l\u2019organisme en charge de son respect en France est la\u2026","_links":{"self":[{"href":"https:\/\/lebretonpsy.com\/index.php\/wp-json\/wp\/v2\/pages\/601","targetHints":{"allow":["GET"]}}],"collection":[{"href":"https:\/\/lebretonpsy.com\/index.php\/wp-json\/wp\/v2\/pages"}],"about":[{"href":"https:\/\/lebretonpsy.com\/index.php\/wp-json\/wp\/v2\/types\/page"}],"author":[{"embeddable":true,"href":"https:\/\/lebretonpsy.com\/index.php\/wp-json\/wp\/v2\/users\/5"}],"replies":[{"embeddable":true,"href":"https:\/\/lebretonpsy.com\/index.php\/wp-json\/wp\/v2\/comments?post=601"}],"version-history":[{"count":12,"href":"https:\/\/lebretonpsy.com\/index.php\/wp-json\/wp\/v2\/pages\/601\/revisions"}],"predecessor-version":[{"id":614,"href":"https:\/\/lebretonpsy.com\/index.php\/wp-json\/wp\/v2\/pages\/601\/revisions\/614"}],"wp:attachment":[{"href":"https:\/\/lebretonpsy.com\/index.php\/wp-json\/wp\/v2\/media?parent=601"}],"curies":[{"name":"wp","href":"https:\/\/api.w.org\/{rel}","templated":true}]}}