{"id":659,"date":"2020-05-30T09:55:48","date_gmt":"2020-05-30T07:55:48","guid":{"rendered":"https:\/\/lebretonpsy.com\/?page_id=659"},"modified":"2025-01-14T17:06:45","modified_gmt":"2025-01-14T16:06:45","slug":"honoraires","status":"publish","type":"page","link":"https:\/\/lebretonpsy.com\/index.php\/honoraires\/","title":{"rendered":"Modalit\u00e9s et honoraires"},"content":{"rendered":"<p><u><strong>Le prix d&rsquo;une s\u00e9ance<\/strong> :<\/u> 65 euros.<\/p>\n<p><strong><u>Dur\u00e9e :<\/u><\/strong> 45 mn.<\/p>\n<p><strong><u>La prise de rdv\u00a0:<\/u><\/strong> par t\u00e9l\u00e9phone ou fichier de contact.<\/p>\n<p><strong><u>Lieu\u00a0:<\/u><\/strong> au cabinet, 2 rue R\u00e9gnier 44000 Nantes ou sur Zoom, en t\u00e9l\u00e9-consultation.<\/p>\n<p><strong><u>Pr\u00e9alables de la t\u00e9l\u00e9consultation:<\/u><\/strong> disposer d\u2019un lieu s\u00e9curisant pour parler librement. Avoir si besoin des \u00e9couteurs. Poss\u00e9der une connexion web suffisamment stable et un support visuel confortable (PC, tablette ou IPAD,\u2026)<\/p>\n<p><strong><u>Le jour du rdv\u00a0:<\/u><\/strong> vous recevez un lien Zoom sur lequel cliquer \u00e0 l\u2019heure du rdv. Il est n\u00e9cessaire d\u2019avoir cr\u00e9\u00e9 un compte\u00a0 Zoom auparavant.<\/p>\n<p><strong><u>Le paiement des s\u00e9ances :<\/u><\/strong> par cheque ou virement. Le paiement doit \u00eatre effectu\u00e9 le jour du rendez-vous.<\/p>\n<p>Sauf exceptions, <strong>toute s\u00e9ance non d\u00e9command\u00e9e 48h \u00e0 l&rsquo;avance sera consid\u00e9r\u00e9e comme due<\/strong> : votre cr\u00e9neau horaire vous est strictement d\u00e9di\u00e9. Votre place vous est r\u00e9serv\u00e9e et je vous y attends jusqu\u2019\u00e0 la fin de la s\u00e9ance.<\/p>\n<p>En me pr\u00e9venant \u00e0 suffisamment l\u2019avance, ce cr\u00e9neau pourra \u00eatre propos\u00e9 \u00e0 quelqu&rsquo;un sur liste d\u2019attente.<\/p>\n<p><strong><u>Le remboursement\u00a0:<\/u><\/strong> une partie du montant ou un nombre de s\u00e9ances peuvent \u00eatre rembours\u00e9s en fonction des compl\u00e9mentaires de sant\u00e9. Je vous invite \u00e0 vous renseigner aupr\u00e8s de votre organisme auparavant. Une facture vous sera remise sur demande.<\/p>\n<p>En cas de difficult\u00e9s, n&rsquo;h\u00e9sitez pas \u00e0 \u00e9voquer votre situation financi\u00e8re.<\/p>\n","protected":false},"excerpt":{"rendered":"<p>Le prix d&rsquo;une s\u00e9ance : 65 euros. Dur\u00e9e : 45 mn. La prise de rdv\u00a0: par t\u00e9l\u00e9phone ou fichier de contact. Lieu\u00a0: au cabinet, 2 rue R\u00e9gnier 44000 Nantes ou sur Zoom, en t\u00e9l\u00e9-consultation. Pr\u00e9alables de la t\u00e9l\u00e9consultation: disposer d\u2019un lieu s\u00e9curisant pour parler librement. Avoir si besoin des \u00e9couteurs. Poss\u00e9der une connexion web suffisamment &hellip; <a href=\"https:\/\/lebretonpsy.com\/index.php\/honoraires\/\" class=\"more-link\">Continuer la lecture de <span class=\"screen-reader-text\">Modalit\u00e9s et honoraires<\/span><\/a><\/p>\n","protected":false},"author":5,"featured_media":0,"parent":0,"menu_order":0,"comment_status":"closed","ping_status":"closed","template":"","meta":{"_uag_custom_page_level_css":"","_monsterinsights_skip_tracking":false,"_monsterinsights_sitenote_active":false,"_monsterinsights_sitenote_note":"","_monsterinsights_sitenote_category":0,"footnotes":""},"class_list":["post-659","page","type-page","status-publish","hentry"],"yoast_head":"<!-- This site is optimized with the Yoast SEO plugin v27.4 - https:\/\/yoast.com\/product\/yoast-seo-wordpress\/ -->\n<title>Modalit\u00e9s et honoraires - Laurence Lebreton<\/title>\n<meta name=\"robots\" content=\"index, follow, max-snippet:-1, max-image-preview:large, max-video-preview:-1\" \/>\n<link rel=\"canonical\" href=\"https:\/\/lebretonpsy.com\/index.php\/honoraires\/\" \/>\n<meta property=\"og:locale\" content=\"fr_FR\" \/>\n<meta property=\"og:type\" content=\"article\" \/>\n<meta property=\"og:title\" content=\"Modalit\u00e9s et honoraires - Laurence Lebreton\" \/>\n<meta property=\"og:description\" content=\"Le prix d&rsquo;une s\u00e9ance : 65 euros. Dur\u00e9e : 45 mn. La prise de rdv\u00a0: par t\u00e9l\u00e9phone ou fichier de contact. Lieu\u00a0: au cabinet, 2 rue R\u00e9gnier 44000 Nantes ou sur Zoom, en t\u00e9l\u00e9-consultation. Pr\u00e9alables de la t\u00e9l\u00e9consultation: disposer d\u2019un lieu s\u00e9curisant pour parler librement. Avoir si besoin des \u00e9couteurs. Poss\u00e9der une connexion web suffisamment &hellip; Continuer la lecture de Modalit\u00e9s et honoraires\" \/>\n<meta property=\"og:url\" content=\"https:\/\/lebretonpsy.com\/index.php\/honoraires\/\" \/>\n<meta property=\"og:site_name\" content=\"Laurence Lebreton\" \/>\n<meta property=\"article:modified_time\" content=\"2025-01-14T16:06:45+00:00\" \/>\n<meta name=\"twitter:label1\" content=\"Dur\u00e9e de lecture estim\u00e9e\" \/>\n\t<meta name=\"twitter:data1\" content=\"2 minutes\" \/>\n<script type=\"application\/ld+json\" class=\"yoast-schema-graph\">{\"@context\":\"https:\\\/\\\/schema.org\",\"@graph\":[{\"@type\":\"WebPage\",\"@id\":\"https:\\\/\\\/lebretonpsy.com\\\/index.php\\\/honoraires\\\/\",\"url\":\"https:\\\/\\\/lebretonpsy.com\\\/index.php\\\/honoraires\\\/\",\"name\":\"Modalit\u00e9s et honoraires - Laurence Lebreton\",\"isPartOf\":{\"@id\":\"https:\\\/\\\/lebretonpsy.com\\\/#website\"},\"datePublished\":\"2020-05-30T07:55:48+00:00\",\"dateModified\":\"2025-01-14T16:06:45+00:00\",\"breadcrumb\":{\"@id\":\"https:\\\/\\\/lebretonpsy.com\\\/index.php\\\/honoraires\\\/#breadcrumb\"},\"inLanguage\":\"fr-FR\",\"potentialAction\":[{\"@type\":\"ReadAction\",\"target\":[\"https:\\\/\\\/lebretonpsy.com\\\/index.php\\\/honoraires\\\/\"]}]},{\"@type\":\"BreadcrumbList\",\"@id\":\"https:\\\/\\\/lebretonpsy.com\\\/index.php\\\/honoraires\\\/#breadcrumb\",\"itemListElement\":[{\"@type\":\"ListItem\",\"position\":1,\"name\":\"Accueil\",\"item\":\"https:\\\/\\\/lebretonpsy.com\\\/\"},{\"@type\":\"ListItem\",\"position\":2,\"name\":\"Modalit\u00e9s et honoraires\"}]},{\"@type\":\"WebSite\",\"@id\":\"https:\\\/\\\/lebretonpsy.com\\\/#website\",\"url\":\"https:\\\/\\\/lebretonpsy.com\\\/\",\"name\":\"Laurence Lebreton\",\"description\":\"Psychologue Clinicienne\",\"potentialAction\":[{\"@type\":\"SearchAction\",\"target\":{\"@type\":\"EntryPoint\",\"urlTemplate\":\"https:\\\/\\\/lebretonpsy.com\\\/?s={search_term_string}\"},\"query-input\":{\"@type\":\"PropertyValueSpecification\",\"valueRequired\":true,\"valueName\":\"search_term_string\"}}],\"inLanguage\":\"fr-FR\"}]}<\/script>\n<!-- \/ Yoast SEO plugin. -->","yoast_head_json":{"title":"Modalit\u00e9s et honoraires - Laurence Lebreton","robots":{"index":"index","follow":"follow","max-snippet":"max-snippet:-1","max-image-preview":"max-image-preview:large","max-video-preview":"max-video-preview:-1"},"canonical":"https:\/\/lebretonpsy.com\/index.php\/honoraires\/","og_locale":"fr_FR","og_type":"article","og_title":"Modalit\u00e9s et honoraires - Laurence Lebreton","og_description":"Le prix d&rsquo;une s\u00e9ance : 65 euros. Dur\u00e9e : 45 mn. La prise de rdv\u00a0: par t\u00e9l\u00e9phone ou fichier de contact. Lieu\u00a0: au cabinet, 2 rue R\u00e9gnier 44000 Nantes ou sur Zoom, en t\u00e9l\u00e9-consultation. Pr\u00e9alables de la t\u00e9l\u00e9consultation: disposer d\u2019un lieu s\u00e9curisant pour parler librement. Avoir si besoin des \u00e9couteurs. Poss\u00e9der une connexion web suffisamment &hellip; Continuer la lecture de Modalit\u00e9s et honoraires","og_url":"https:\/\/lebretonpsy.com\/index.php\/honoraires\/","og_site_name":"Laurence Lebreton","article_modified_time":"2025-01-14T16:06:45+00:00","twitter_misc":{"Dur\u00e9e de lecture estim\u00e9e":"2 minutes"},"schema":{"@context":"https:\/\/schema.org","@graph":[{"@type":"WebPage","@id":"https:\/\/lebretonpsy.com\/index.php\/honoraires\/","url":"https:\/\/lebretonpsy.com\/index.php\/honoraires\/","name":"Modalit\u00e9s et honoraires - Laurence Lebreton","isPartOf":{"@id":"https:\/\/lebretonpsy.com\/#website"},"datePublished":"2020-05-30T07:55:48+00:00","dateModified":"2025-01-14T16:06:45+00:00","breadcrumb":{"@id":"https:\/\/lebretonpsy.com\/index.php\/honoraires\/#breadcrumb"},"inLanguage":"fr-FR","potentialAction":[{"@type":"ReadAction","target":["https:\/\/lebretonpsy.com\/index.php\/honoraires\/"]}]},{"@type":"BreadcrumbList","@id":"https:\/\/lebretonpsy.com\/index.php\/honoraires\/#breadcrumb","itemListElement":[{"@type":"ListItem","position":1,"name":"Accueil","item":"https:\/\/lebretonpsy.com\/"},{"@type":"ListItem","position":2,"name":"Modalit\u00e9s et honoraires"}]},{"@type":"WebSite","@id":"https:\/\/lebretonpsy.com\/#website","url":"https:\/\/lebretonpsy.com\/","name":"Laurence Lebreton","description":"Psychologue Clinicienne","potentialAction":[{"@type":"SearchAction","target":{"@type":"EntryPoint","urlTemplate":"https:\/\/lebretonpsy.com\/?s={search_term_string}"},"query-input":{"@type":"PropertyValueSpecification","valueRequired":true,"valueName":"search_term_string"}}],"inLanguage":"fr-FR"}]}},"uagb_featured_image_src":{"full":false,"thumbnail":false,"medium":false,"medium_large":false,"large":false,"1536x1536":false,"2048x2048":false,"post-thumbnail":false},"uagb_author_info":{"display_name":"@R00t-LOLEBWEBSITE95","author_link":"https:\/\/lebretonpsy.com\/index.php\/author\/r00t-lolebwebsite95\/"},"uagb_comment_info":0,"uagb_excerpt":"Le prix d&rsquo;une s\u00e9ance : 65 euros. Dur\u00e9e : 45 mn. La prise de rdv\u00a0: par t\u00e9l\u00e9phone ou fichier de contact. Lieu\u00a0: au cabinet, 2 rue R\u00e9gnier 44000 Nantes ou sur Zoom, en t\u00e9l\u00e9-consultation. Pr\u00e9alables de la t\u00e9l\u00e9consultation: disposer d\u2019un lieu s\u00e9curisant pour parler librement. Avoir si besoin des \u00e9couteurs. Poss\u00e9der une connexion web suffisamment\u2026","_links":{"self":[{"href":"https:\/\/lebretonpsy.com\/index.php\/wp-json\/wp\/v2\/pages\/659","targetHints":{"allow":["GET"]}}],"collection":[{"href":"https:\/\/lebretonpsy.com\/index.php\/wp-json\/wp\/v2\/pages"}],"about":[{"href":"https:\/\/lebretonpsy.com\/index.php\/wp-json\/wp\/v2\/types\/page"}],"author":[{"embeddable":true,"href":"https:\/\/lebretonpsy.com\/index.php\/wp-json\/wp\/v2\/users\/5"}],"replies":[{"embeddable":true,"href":"https:\/\/lebretonpsy.com\/index.php\/wp-json\/wp\/v2\/comments?post=659"}],"version-history":[{"count":21,"href":"https:\/\/lebretonpsy.com\/index.php\/wp-json\/wp\/v2\/pages\/659\/revisions"}],"predecessor-version":[{"id":885,"href":"https:\/\/lebretonpsy.com\/index.php\/wp-json\/wp\/v2\/pages\/659\/revisions\/885"}],"wp:attachment":[{"href":"https:\/\/lebretonpsy.com\/index.php\/wp-json\/wp\/v2\/media?parent=659"}],"curies":[{"name":"wp","href":"https:\/\/api.w.org\/{rel}","templated":true}]}}