{"id":68,"date":"2020-05-07T15:32:28","date_gmt":"2020-05-07T13:32:28","guid":{"rendered":"http:\/\/172.16.212.1\/wordpress\/?page_id=68"},"modified":"2024-06-13T23:56:40","modified_gmt":"2024-06-13T21:56:40","slug":"ma-methode","status":"publish","type":"page","link":"https:\/\/lebretonpsy.com\/index.php\/ma-methode\/","title":{"rendered":"Mon approche"},"content":{"rendered":"\r\n\r\n\r\n<p>En tant que psychologue clinicienne, j&rsquo;ai une approche globale de la personne, bas\u00e9e sur la relation et l&rsquo;\u00e9change. Je prends en compte son histoire, sa culture, \u00a0ses besoins et ses demandes, mais aussi le contexte actuel dans lequel elle \u00e9volue. Cela me permet d&rsquo;adopter une m\u00e9thode clinique sur mesure construite avec le\/la patient\/e lui\/elle-m\u00eame.<\/p>\r\n<p>Mes champs de r\u00e9f\u00e9rences initiaux sont psychanalytique et syst\u00e9mique. D&rsquo; autres part je suis certifi\u00e9e\u00a0 EMDR Europe niveaux 1 et 2. Je peux intervenir sur des traumas r\u00e9cents, dits simples en th\u00e9rapie br\u00e8ve ou sur des probl\u00e9matiques cibl\u00e9es allant du traumatisme , aux phobies , ou encore la gestion de la douleur, en th\u00e9rapie globale EMDR.<\/p>\r\n<p>J&rsquo;apporte une \u00e9coute professionnelle, bienveillante et confidentielle, quelle que soit la demande. Pour les mineurs, je propose une guidance parentale respectant la confidentialit\u00e9 de la parole de l&rsquo;adolescent\/e comme du parent. Lorsque l&rsquo;approche psychologique s&rsquo;av\u00e8re insuffisante, je travaille en coop\u00e9ration avec d&rsquo;autres professionnels et d&rsquo;autres approches.\u00a0\u00a0<\/p>\r\n\r\n\r\n\r\n\r\n\r\n\r\n\r\n\r\n\r\n<p>&nbsp;<\/p>\r\n","protected":false},"excerpt":{"rendered":"<p>En tant que psychologue clinicienne, j&rsquo;ai une approche globale de la personne, bas\u00e9e sur la relation et l&rsquo;\u00e9change. Je prends en compte son histoire, sa culture, \u00a0ses besoins et ses demandes, mais aussi le contexte actuel dans lequel elle \u00e9volue. Cela me permet d&rsquo;adopter une m\u00e9thode clinique sur mesure construite avec le\/la patient\/e lui\/elle-m\u00eame. Mes &hellip; <a href=\"https:\/\/lebretonpsy.com\/index.php\/ma-methode\/\" class=\"more-link\">Continuer la lecture de <span class=\"screen-reader-text\">Mon approche<\/span><\/a><\/p>\n","protected":false},"author":5,"featured_media":0,"parent":0,"menu_order":0,"comment_status":"closed","ping_status":"closed","template":"","meta":{"_uag_custom_page_level_css":"","_monsterinsights_skip_tracking":false,"_monsterinsights_sitenote_active":false,"_monsterinsights_sitenote_note":"","_monsterinsights_sitenote_category":0,"footnotes":""},"class_list":["post-68","page","type-page","status-publish","hentry"],"yoast_head":"<!-- This site is optimized with the Yoast SEO plugin v27.4 - https:\/\/yoast.com\/product\/yoast-seo-wordpress\/ -->\n<title>Mon approche - Laurence Lebreton<\/title>\n<meta name=\"robots\" content=\"index, follow, max-snippet:-1, max-image-preview:large, max-video-preview:-1\" \/>\n<link rel=\"canonical\" href=\"https:\/\/lebretonpsy.com\/index.php\/ma-methode\/\" \/>\n<meta property=\"og:locale\" content=\"fr_FR\" \/>\n<meta property=\"og:type\" content=\"article\" \/>\n<meta property=\"og:title\" content=\"Mon approche - Laurence Lebreton\" \/>\n<meta property=\"og:description\" content=\"En tant que psychologue clinicienne, j&rsquo;ai une approche globale de la personne, bas\u00e9e sur la relation et l&rsquo;\u00e9change. Je prends en compte son histoire, sa culture, \u00a0ses besoins et ses demandes, mais aussi le contexte actuel dans lequel elle \u00e9volue. Cela me permet d&rsquo;adopter une m\u00e9thode clinique sur mesure construite avec le\/la patient\/e lui\/elle-m\u00eame. Mes &hellip; Continuer la lecture de Mon approche\" \/>\n<meta property=\"og:url\" content=\"https:\/\/lebretonpsy.com\/index.php\/ma-methode\/\" \/>\n<meta property=\"og:site_name\" content=\"Laurence Lebreton\" \/>\n<meta property=\"article:modified_time\" content=\"2024-06-13T21:56:40+00:00\" \/>\n<meta name=\"twitter:label1\" content=\"Dur\u00e9e de lecture estim\u00e9e\" \/>\n\t<meta name=\"twitter:data1\" content=\"1 minute\" \/>\n<script type=\"application\/ld+json\" class=\"yoast-schema-graph\">{\"@context\":\"https:\\\/\\\/schema.org\",\"@graph\":[{\"@type\":\"WebPage\",\"@id\":\"https:\\\/\\\/lebretonpsy.com\\\/index.php\\\/ma-methode\\\/\",\"url\":\"https:\\\/\\\/lebretonpsy.com\\\/index.php\\\/ma-methode\\\/\",\"name\":\"Mon approche - Laurence Lebreton\",\"isPartOf\":{\"@id\":\"https:\\\/\\\/lebretonpsy.com\\\/#website\"},\"datePublished\":\"2020-05-07T13:32:28+00:00\",\"dateModified\":\"2024-06-13T21:56:40+00:00\",\"breadcrumb\":{\"@id\":\"https:\\\/\\\/lebretonpsy.com\\\/index.php\\\/ma-methode\\\/#breadcrumb\"},\"inLanguage\":\"fr-FR\",\"potentialAction\":[{\"@type\":\"ReadAction\",\"target\":[\"https:\\\/\\\/lebretonpsy.com\\\/index.php\\\/ma-methode\\\/\"]}]},{\"@type\":\"BreadcrumbList\",\"@id\":\"https:\\\/\\\/lebretonpsy.com\\\/index.php\\\/ma-methode\\\/#breadcrumb\",\"itemListElement\":[{\"@type\":\"ListItem\",\"position\":1,\"name\":\"Accueil\",\"item\":\"https:\\\/\\\/lebretonpsy.com\\\/\"},{\"@type\":\"ListItem\",\"position\":2,\"name\":\"Mon approche\"}]},{\"@type\":\"WebSite\",\"@id\":\"https:\\\/\\\/lebretonpsy.com\\\/#website\",\"url\":\"https:\\\/\\\/lebretonpsy.com\\\/\",\"name\":\"Laurence Lebreton\",\"description\":\"Psychologue Clinicienne\",\"potentialAction\":[{\"@type\":\"SearchAction\",\"target\":{\"@type\":\"EntryPoint\",\"urlTemplate\":\"https:\\\/\\\/lebretonpsy.com\\\/?s={search_term_string}\"},\"query-input\":{\"@type\":\"PropertyValueSpecification\",\"valueRequired\":true,\"valueName\":\"search_term_string\"}}],\"inLanguage\":\"fr-FR\"}]}<\/script>\n<!-- \/ Yoast SEO plugin. -->","yoast_head_json":{"title":"Mon approche - Laurence Lebreton","robots":{"index":"index","follow":"follow","max-snippet":"max-snippet:-1","max-image-preview":"max-image-preview:large","max-video-preview":"max-video-preview:-1"},"canonical":"https:\/\/lebretonpsy.com\/index.php\/ma-methode\/","og_locale":"fr_FR","og_type":"article","og_title":"Mon approche - Laurence Lebreton","og_description":"En tant que psychologue clinicienne, j&rsquo;ai une approche globale de la personne, bas\u00e9e sur la relation et l&rsquo;\u00e9change. Je prends en compte son histoire, sa culture, \u00a0ses besoins et ses demandes, mais aussi le contexte actuel dans lequel elle \u00e9volue. Cela me permet d&rsquo;adopter une m\u00e9thode clinique sur mesure construite avec le\/la patient\/e lui\/elle-m\u00eame. Mes &hellip; Continuer la lecture de Mon approche","og_url":"https:\/\/lebretonpsy.com\/index.php\/ma-methode\/","og_site_name":"Laurence Lebreton","article_modified_time":"2024-06-13T21:56:40+00:00","twitter_misc":{"Dur\u00e9e de lecture estim\u00e9e":"1 minute"},"schema":{"@context":"https:\/\/schema.org","@graph":[{"@type":"WebPage","@id":"https:\/\/lebretonpsy.com\/index.php\/ma-methode\/","url":"https:\/\/lebretonpsy.com\/index.php\/ma-methode\/","name":"Mon approche - Laurence Lebreton","isPartOf":{"@id":"https:\/\/lebretonpsy.com\/#website"},"datePublished":"2020-05-07T13:32:28+00:00","dateModified":"2024-06-13T21:56:40+00:00","breadcrumb":{"@id":"https:\/\/lebretonpsy.com\/index.php\/ma-methode\/#breadcrumb"},"inLanguage":"fr-FR","potentialAction":[{"@type":"ReadAction","target":["https:\/\/lebretonpsy.com\/index.php\/ma-methode\/"]}]},{"@type":"BreadcrumbList","@id":"https:\/\/lebretonpsy.com\/index.php\/ma-methode\/#breadcrumb","itemListElement":[{"@type":"ListItem","position":1,"name":"Accueil","item":"https:\/\/lebretonpsy.com\/"},{"@type":"ListItem","position":2,"name":"Mon approche"}]},{"@type":"WebSite","@id":"https:\/\/lebretonpsy.com\/#website","url":"https:\/\/lebretonpsy.com\/","name":"Laurence Lebreton","description":"Psychologue Clinicienne","potentialAction":[{"@type":"SearchAction","target":{"@type":"EntryPoint","urlTemplate":"https:\/\/lebretonpsy.com\/?s={search_term_string}"},"query-input":{"@type":"PropertyValueSpecification","valueRequired":true,"valueName":"search_term_string"}}],"inLanguage":"fr-FR"}]}},"uagb_featured_image_src":{"full":false,"thumbnail":false,"medium":false,"medium_large":false,"large":false,"1536x1536":false,"2048x2048":false,"post-thumbnail":false},"uagb_author_info":{"display_name":"@R00t-LOLEBWEBSITE95","author_link":"https:\/\/lebretonpsy.com\/index.php\/author\/r00t-lolebwebsite95\/"},"uagb_comment_info":0,"uagb_excerpt":"En tant que psychologue clinicienne, j&rsquo;ai une approche globale de la personne, bas\u00e9e sur la relation et l&rsquo;\u00e9change. Je prends en compte son histoire, sa culture, \u00a0ses besoins et ses demandes, mais aussi le contexte actuel dans lequel elle \u00e9volue. Cela me permet d&rsquo;adopter une m\u00e9thode clinique sur mesure construite avec le\/la patient\/e lui\/elle-m\u00eame. Mes\u2026","_links":{"self":[{"href":"https:\/\/lebretonpsy.com\/index.php\/wp-json\/wp\/v2\/pages\/68","targetHints":{"allow":["GET"]}}],"collection":[{"href":"https:\/\/lebretonpsy.com\/index.php\/wp-json\/wp\/v2\/pages"}],"about":[{"href":"https:\/\/lebretonpsy.com\/index.php\/wp-json\/wp\/v2\/types\/page"}],"author":[{"embeddable":true,"href":"https:\/\/lebretonpsy.com\/index.php\/wp-json\/wp\/v2\/users\/5"}],"replies":[{"embeddable":true,"href":"https:\/\/lebretonpsy.com\/index.php\/wp-json\/wp\/v2\/comments?post=68"}],"version-history":[{"count":15,"href":"https:\/\/lebretonpsy.com\/index.php\/wp-json\/wp\/v2\/pages\/68\/revisions"}],"predecessor-version":[{"id":868,"href":"https:\/\/lebretonpsy.com\/index.php\/wp-json\/wp\/v2\/pages\/68\/revisions\/868"}],"wp:attachment":[{"href":"https:\/\/lebretonpsy.com\/index.php\/wp-json\/wp\/v2\/media?parent=68"}],"curies":[{"name":"wp","href":"https:\/\/api.w.org\/{rel}","templated":true}]}}